{"id":112,"date":"2020-08-14T19:40:28","date_gmt":"2020-08-14T23:40:28","guid":{"rendered":"https:\/\/integralfull.cl\/?page_id=112"},"modified":"2020-09-01T17:45:00","modified_gmt":"2020-09-01T21:45:00","slug":"tramites","status":"publish","type":"page","link":"https:\/\/integralfull.cl\/index.php\/servicios\/tramites\/","title":{"rendered":"Tr\u00e1mites"},"content":{"rendered":"\t\t<div data-elementor-type=\"wp-page\" data-elementor-id=\"112\" class=\"elementor elementor-112\" data-elementor-settings=\"[]\">\n\t\t\t<div class=\"elementor-inner\">\n\t\t\t\t<div class=\"elementor-section-wrap\">\n\t\t\t\t\t\t\t<section class=\"elementor-element elementor-element-30746888 elementor-section-content-middle elementor-section-boxed elementor-section-height-default elementor-section-height-default elementor-section elementor-top-section\" data-id=\"30746888\" data-element_type=\"section\">\n\t\t\t\t\t\t<div class=\"elementor-container elementor-column-gap-no\">\n\t\t\t\t<div class=\"elementor-row\">\n\t\t\t\t<div class=\"elementor-element elementor-element-27966631 elementor-column elementor-col-100 elementor-top-column\" data-id=\"27966631\" data-element_type=\"column\">\n\t\t\t<div class=\"elementor-column-wrap  elementor-element-populated\">\n\t\t\t\t\t<div class=\"elementor-widget-wrap\">\n\t\t\t\t<section class=\"elementor-element elementor-element-217a24bd elementor-section-content-middle elementor-section-boxed elementor-section-height-default elementor-section-height-default elementor-section elementor-inner-section\" data-id=\"217a24bd\" data-element_type=\"section\">\n\t\t\t\t\t\t<div class=\"elementor-container elementor-column-gap-no\">\n\t\t\t\t<div class=\"elementor-row\">\n\t\t\t\t<div class=\"elementor-element elementor-element-761b454c elementor-column elementor-col-50 elementor-inner-column\" data-id=\"761b454c\" data-element_type=\"column\">\n\t\t\t<div class=\"elementor-column-wrap  elementor-element-populated\">\n\t\t\t\t\t<div class=\"elementor-widget-wrap\">\n\t\t\t\t<div class=\"elementor-element elementor-element-c3f72b3 elementor-widget elementor-widget-image\" data-id=\"c3f72b3\" data-element_type=\"widget\" data-widget_type=\"image.default\">\n\t\t\t\t<div class=\"elementor-widget-container\">\n\t\t\t\t\t<div class=\"elementor-image\">\n\t\t\t\t\t\t\t\t\t\t<img width=\"640\" height=\"426\" src=\"https:\/\/integralfull.cl\/wp-content\/uploads\/2020\/08\/administracion-3.jpg\" class=\"attachment-large size-large\" alt=\"\" loading=\"lazy\" srcset=\"https:\/\/integralfull.cl\/wp-content\/uploads\/2020\/08\/administracion-3.jpg 640w, https:\/\/integralfull.cl\/wp-content\/uploads\/2020\/08\/administracion-3-300x200.jpg 300w\" sizes=\"(max-width: 640px) 100vw, 640px\" \/>\t\t\t\t\t\t\t\t\t\t\t<\/div>\n\t\t\t\t<\/div>\n\t\t\t\t<\/div>\n\t\t\t\t\t\t<\/div>\n\t\t\t<\/div>\n\t\t<\/div>\n\t\t\t\t<div class=\"elementor-element elementor-element-3712b601 elementor-column elementor-col-50 elementor-inner-column\" data-id=\"3712b601\" data-element_type=\"column\">\n\t\t\t<div class=\"elementor-column-wrap  elementor-element-populated\">\n\t\t\t\t\t<div class=\"elementor-widget-wrap\">\n\t\t\t\t<div class=\"elementor-element elementor-element-328afa93 elementor-widget elementor-widget-heading\" data-id=\"328afa93\" data-element_type=\"widget\" data-widget_type=\"heading.default\">\n\t\t\t\t<div class=\"elementor-widget-container\">\n\t\t\t<h2 class=\"elementor-heading-title elementor-size-default\">Tr\u00e1mites<\/h2>\t\t<\/div>\n\t\t\t\t<\/div>\n\t\t\t\t<div class=\"elementor-element elementor-element-ce6881d elementor-widget elementor-widget-text-editor\" data-id=\"ce6881d\" data-element_type=\"widget\" data-widget_type=\"text-editor.default\">\n\t\t\t\t<div class=\"elementor-widget-container\">\n\t\t\t\t\t<div class=\"elementor-text-editor elementor-clearfix\"><ul style=\"font-style: normal;\"><li><span style=\"font-family: Arial, sans-serif;\"><span style=\"font-size: 16px;\"><b>Empresa en un d\u00eda.<\/b><\/span><\/span><\/li><li><span style=\"font-family: Arial, sans-serif;\"><span style=\"font-size: 16px;\"><b>Constituci\u00f3n de sociedad bajo escritura p\u00fablica.<\/b><\/span><\/span><\/li><li><span style=\"font-family: Arial, sans-serif;\"><span style=\"font-size: 16px;\"><b>Inicio de actividades: Primera y Segunda categor\u00eda.<\/b><\/span><\/span><\/li><li><span style=\"font-family: Arial, sans-serif;\"><span style=\"font-size: 16px;\"><b>RUT e Inicio de actividades: Primera y Segunda categor\u00eda.<\/b><\/span><\/span><\/li><li><span style=\"font-family: Arial, sans-serif;\"><span style=\"font-size: 16px;\"><b>Clave tributaria y representantes electr\u00f3nicos.<\/b><\/span><\/span><\/li><li><span style=\"font-family: Arial, sans-serif;\"><span style=\"font-size: 16px;\"><b>Cambio de domicilio.<\/b><\/span><\/span><\/li><li><span style=\"font-family: Arial, sans-serif;\"><span style=\"font-size: 16px;\"><b>Verificaci\u00f3n de actividades (Para poder facturar).<\/b><\/span><\/span><\/li><li><span style=\"font-family: Arial, sans-serif;\"><span style=\"font-size: 16px;\"><b>Autorizaci\u00f3n y timbrar documentos electr\u00f3nicos.<\/b><\/span><\/span><\/li><li><span style=\"font-family: Arial, sans-serif;\"><span style=\"font-size: 16px;\"><b>Aviso de perdida de documentos y perdida de existencia.<\/b><\/span><\/span><\/li><li><span style=\"font-family: Arial, sans-serif;\"><span style=\"font-size: 16px;\"><b>Modificaciones: Socios, Representante legal, Raz\u00f3n social.<\/b><\/span><\/span><\/li><li><span style=\"font-family: Arial, sans-serif;\"><span style=\"font-size: 16px;\"><b>Patente municipal.<\/b><\/span><\/span><\/li><li><span style=\"font-family: Arial, sans-serif;\"><span style=\"font-size: 16px;\"><b>Otros tr\u00e1mites municipales.<\/b><\/span><\/span><\/li><li><span style=\"font-family: Arial, sans-serif;\"><span style=\"font-size: 16px;\"><b>Convenios tesorer\u00eda.<\/b><\/span><\/span><\/li><\/ul><\/div>\n\t\t\t\t<\/div>\n\t\t\t\t<\/div>\n\t\t\t\t\t\t<\/div>\n\t\t\t<\/div>\n\t\t<\/div>\n\t\t\t\t\t\t<\/div>\n\t\t\t<\/div>\n\t\t<\/section>\n\t\t\t\t\t\t<\/div>\n\t\t\t<\/div>\n\t\t<\/div>\n\t\t\t\t\t\t<\/div>\n\t\t\t<\/div>\n\t\t<\/section>\n\t\t\t\t<section class=\"elementor-element elementor-element-3958921f elementor-section-content-middle elementor-section-boxed elementor-section-height-default elementor-section-height-default elementor-section elementor-top-section\" data-id=\"3958921f\" data-element_type=\"section\" data-settings=\"{&quot;background_background&quot;:&quot;classic&quot;}\">\n\t\t\t\t\t\t\t<div class=\"elementor-background-overlay\"><\/div>\n\t\t\t\t\t\t\t<div class=\"elementor-container elementor-column-gap-no\">\n\t\t\t\t<div class=\"elementor-row\">\n\t\t\t\t<div class=\"elementor-element elementor-element-6d3060a8 elementor-column elementor-col-100 elementor-top-column\" data-id=\"6d3060a8\" data-element_type=\"column\">\n\t\t\t<div class=\"elementor-column-wrap  elementor-element-populated\">\n\t\t\t\t\t<div class=\"elementor-widget-wrap\">\n\t\t\t\t<div class=\"elementor-element elementor-element-6398c9e0 elementor-absolute elementor-widget elementor-widget-image\" data-id=\"6398c9e0\" data-element_type=\"widget\" data-settings=\"{&quot;_position&quot;:&quot;absolute&quot;}\" data-widget_type=\"image.default\">\n\t\t\t\t<div class=\"elementor-widget-container\">\n\t\t\t\t\t<div class=\"elementor-image\">\n\t\t\t\t\t\t\t\t\t\t\t<a href=\"https:\/\/integralfull.cl\/\">\n\t\t\t\t\t\t\t<img width=\"250\" height=\"68\" src=\"https:\/\/integralfull.cl\/wp-content\/uploads\/2020\/08\/Logo-asesorias-integral-full-blanco-web-png.png\" class=\"attachment-large size-large\" alt=\"\" loading=\"lazy\" \/>\t\t\t\t\t\t\t\t<\/a>\n\t\t\t\t\t\t\t\t\t\t\t<\/div>\n\t\t\t\t<\/div>\n\t\t\t\t<\/div>\n\t\t\t\t\t\t<\/div>\n\t\t\t<\/div>\n\t\t<\/div>\n\t\t\t\t\t\t<\/div>\n\t\t\t<\/div>\n\t\t<\/section>\n\t\t\t\t\t\t<\/div>\n\t\t\t<\/div>\n\t\t<\/div>\n\t\t","protected":false},"excerpt":{"rendered":"<p>Tr\u00e1mites Empresa en un d\u00eda. Constituci\u00f3n de sociedad bajo escritura p\u00fablica. Inicio de actividades: Primera y Segunda categor\u00eda. RUT e Inicio de actividades: Primera y Segunda categor\u00eda. Clave tributaria y representantes electr\u00f3nicos. Cambio de domicilio. Verificaci\u00f3n de actividades (Para poder facturar). Autorizaci\u00f3n y timbrar documentos electr\u00f3nicos. Aviso de perdida de documentos y perdida de existencia. &hellip;<\/p>\n<p class=\"read-more\"> <a class=\"\" href=\"https:\/\/integralfull.cl\/index.php\/servicios\/tramites\/\"> <span class=\"screen-reader-text\">Tr\u00e1mites<\/span> Read More &raquo;<\/a><\/p>\n","protected":false},"author":1,"featured_media":0,"parent":81,"menu_order":1,"comment_status":"closed","ping_status":"closed","template":"","meta":[],"yoast_head":"<!-- This site is optimized with the Yoast SEO plugin v15.5 - https:\/\/yoast.com\/wordpress\/plugins\/seo\/ -->\n<title>Tr\u00e1mites - Integral full<\/title>\n<meta name=\"robots\" content=\"index, follow, max-snippet:-1, max-image-preview:large, max-video-preview:-1\" \/>\n<link rel=\"canonical\" href=\"https:\/\/integralfull.cl\/index.php\/servicios\/tramites\/\" \/>\n<meta property=\"og:locale\" content=\"es_ES\" \/>\n<meta property=\"og:type\" content=\"article\" \/>\n<meta property=\"og:title\" content=\"Tr\u00e1mites - Integral full\" \/>\n<meta property=\"og:description\" content=\"Tr\u00e1mites Empresa en un d\u00eda. Constituci\u00f3n de sociedad bajo escritura p\u00fablica. Inicio de actividades: Primera y Segunda categor\u00eda. RUT e Inicio de actividades: Primera y Segunda categor\u00eda. Clave tributaria y representantes electr\u00f3nicos. Cambio de domicilio. Verificaci\u00f3n de actividades (Para poder facturar). Autorizaci\u00f3n y timbrar documentos electr\u00f3nicos. Aviso de perdida de documentos y perdida de existencia. &hellip; Tr\u00e1mites Read More &raquo;\" \/>\n<meta property=\"og:url\" content=\"https:\/\/integralfull.cl\/index.php\/servicios\/tramites\/\" \/>\n<meta property=\"og:site_name\" content=\"Integral full\" \/>\n<meta property=\"article:modified_time\" content=\"2020-09-01T21:45:00+00:00\" \/>\n<meta property=\"og:image\" content=\"https:\/\/integralfull.cl\/wp-content\/uploads\/2020\/08\/administracion-3.jpg\" \/>\n<meta name=\"twitter:card\" content=\"summary_large_image\" \/>\n<meta name=\"twitter:label1\" content=\"Est. reading time\">\n\t<meta name=\"twitter:data1\" content=\"0 minutos\">\n<script type=\"application\/ld+json\" class=\"yoast-schema-graph\">{\"@context\":\"https:\/\/schema.org\",\"@graph\":[{\"@type\":\"WebSite\",\"@id\":\"https:\/\/integralfull.cl\/#website\",\"url\":\"https:\/\/integralfull.cl\/\",\"name\":\"Integral full\",\"description\":\"\",\"potentialAction\":[{\"@type\":\"SearchAction\",\"target\":\"https:\/\/integralfull.cl\/?s={search_term_string}\",\"query-input\":\"required name=search_term_string\"}],\"inLanguage\":\"es-CL\"},{\"@type\":\"ImageObject\",\"@id\":\"https:\/\/integralfull.cl\/index.php\/servicios\/tramites\/#primaryimage\",\"inLanguage\":\"es-CL\",\"url\":\"https:\/\/integralfull.cl\/wp-content\/uploads\/2020\/08\/administracion-3.jpg\"},{\"@type\":\"WebPage\",\"@id\":\"https:\/\/integralfull.cl\/index.php\/servicios\/tramites\/#webpage\",\"url\":\"https:\/\/integralfull.cl\/index.php\/servicios\/tramites\/\",\"name\":\"Tr\\u00e1mites - Integral full\",\"isPartOf\":{\"@id\":\"https:\/\/integralfull.cl\/#website\"},\"primaryImageOfPage\":{\"@id\":\"https:\/\/integralfull.cl\/index.php\/servicios\/tramites\/#primaryimage\"},\"datePublished\":\"2020-08-14T23:40:28+00:00\",\"dateModified\":\"2020-09-01T21:45:00+00:00\",\"inLanguage\":\"es-CL\",\"potentialAction\":[{\"@type\":\"ReadAction\",\"target\":[\"https:\/\/integralfull.cl\/index.php\/servicios\/tramites\/\"]}]}]}<\/script>\n<!-- \/ Yoast SEO plugin. -->","_links":{"self":[{"href":"https:\/\/integralfull.cl\/index.php\/wp-json\/wp\/v2\/pages\/112"}],"collection":[{"href":"https:\/\/integralfull.cl\/index.php\/wp-json\/wp\/v2\/pages"}],"about":[{"href":"https:\/\/integralfull.cl\/index.php\/wp-json\/wp\/v2\/types\/page"}],"author":[{"embeddable":true,"href":"https:\/\/integralfull.cl\/index.php\/wp-json\/wp\/v2\/users\/1"}],"replies":[{"embeddable":true,"href":"https:\/\/integralfull.cl\/index.php\/wp-json\/wp\/v2\/comments?post=112"}],"version-history":[{"count":43,"href":"https:\/\/integralfull.cl\/index.php\/wp-json\/wp\/v2\/pages\/112\/revisions"}],"predecessor-version":[{"id":455,"href":"https:\/\/integralfull.cl\/index.php\/wp-json\/wp\/v2\/pages\/112\/revisions\/455"}],"up":[{"embeddable":true,"href":"https:\/\/integralfull.cl\/index.php\/wp-json\/wp\/v2\/pages\/81"}],"wp:attachment":[{"href":"https:\/\/integralfull.cl\/index.php\/wp-json\/wp\/v2\/media?parent=112"}],"curies":[{"name":"wp","href":"https:\/\/api.w.org\/{rel}","templated":true}]}}