{"id":135,"date":"2020-08-14T21:13:27","date_gmt":"2020-08-15T01:13:27","guid":{"rendered":"https:\/\/integralfull.cl\/?page_id=135"},"modified":"2020-09-01T16:07:36","modified_gmt":"2020-09-01T20:07:36","slug":"area-contable","status":"publish","type":"page","link":"https:\/\/integralfull.cl\/index.php\/servicios\/area-contable\/","title":{"rendered":"\u00c1rea Contable"},"content":{"rendered":"\t\t<div data-elementor-type=\"wp-page\" data-elementor-id=\"135\" class=\"elementor elementor-135\" data-elementor-settings=\"[]\">\n\t\t\t<div class=\"elementor-inner\">\n\t\t\t\t<div class=\"elementor-section-wrap\">\n\t\t\t\t\t\t\t<section class=\"elementor-element elementor-element-7af3a8e4 elementor-section-content-middle elementor-section-boxed elementor-section-height-default elementor-section-height-default elementor-section elementor-top-section\" data-id=\"7af3a8e4\" data-element_type=\"section\">\n\t\t\t\t\t\t<div class=\"elementor-container elementor-column-gap-no\">\n\t\t\t\t<div class=\"elementor-row\">\n\t\t\t\t<div class=\"elementor-element elementor-element-12550988 elementor-column elementor-col-100 elementor-top-column\" data-id=\"12550988\" data-element_type=\"column\">\n\t\t\t<div class=\"elementor-column-wrap  elementor-element-populated\">\n\t\t\t\t\t<div class=\"elementor-widget-wrap\">\n\t\t\t\t<section class=\"elementor-element elementor-element-16b7c9cb elementor-section-content-middle elementor-section-boxed elementor-section-height-default elementor-section-height-default elementor-section elementor-inner-section\" data-id=\"16b7c9cb\" data-element_type=\"section\">\n\t\t\t\t\t\t<div class=\"elementor-container elementor-column-gap-no\">\n\t\t\t\t<div class=\"elementor-row\">\n\t\t\t\t<div class=\"elementor-element elementor-element-40d1630c elementor-column elementor-col-50 elementor-inner-column\" data-id=\"40d1630c\" data-element_type=\"column\">\n\t\t\t<div class=\"elementor-column-wrap  elementor-element-populated\">\n\t\t\t\t\t<div class=\"elementor-widget-wrap\">\n\t\t\t\t<div class=\"elementor-element elementor-element-ae79af5 elementor-widget elementor-widget-image\" data-id=\"ae79af5\" data-element_type=\"widget\" data-widget_type=\"image.default\">\n\t\t\t\t<div class=\"elementor-widget-container\">\n\t\t\t\t\t<div class=\"elementor-image\">\n\t\t\t\t\t\t\t\t\t\t<img width=\"640\" height=\"377\" src=\"https:\/\/integralfull.cl\/wp-content\/uploads\/2020\/08\/area-contable.jpg\" class=\"attachment-large size-large\" alt=\"\" loading=\"lazy\" srcset=\"https:\/\/integralfull.cl\/wp-content\/uploads\/2020\/08\/area-contable.jpg 640w, https:\/\/integralfull.cl\/wp-content\/uploads\/2020\/08\/area-contable-300x177.jpg 300w\" sizes=\"(max-width: 640px) 100vw, 640px\" \/>\t\t\t\t\t\t\t\t\t\t\t<\/div>\n\t\t\t\t<\/div>\n\t\t\t\t<\/div>\n\t\t\t\t\t\t<\/div>\n\t\t\t<\/div>\n\t\t<\/div>\n\t\t\t\t<div class=\"elementor-element elementor-element-105e262b elementor-column elementor-col-50 elementor-inner-column\" data-id=\"105e262b\" data-element_type=\"column\">\n\t\t\t<div class=\"elementor-column-wrap  elementor-element-populated\">\n\t\t\t\t\t<div class=\"elementor-widget-wrap\">\n\t\t\t\t<div class=\"elementor-element elementor-element-8d1dc1 elementor-widget elementor-widget-heading\" data-id=\"8d1dc1\" data-element_type=\"widget\" data-widget_type=\"heading.default\">\n\t\t\t\t<div class=\"elementor-widget-container\">\n\t\t\t<h2 class=\"elementor-heading-title elementor-size-default\">\u00c1rea Contable<\/h2>\t\t<\/div>\n\t\t\t\t<\/div>\n\t\t\t\t<div class=\"elementor-element elementor-element-2ec3010 elementor-widget elementor-widget-text-editor\" data-id=\"2ec3010\" data-element_type=\"widget\" data-widget_type=\"text-editor.default\">\n\t\t\t\t<div class=\"elementor-widget-container\">\n\t\t\t\t\t<div class=\"elementor-text-editor elementor-clearfix\"><ul>\n<li><font face=\"Arial, sans-serif\"><span style=\"font-size: 16px;\"><b>Digitaci\u00f3n de movimientos diarios, conciliaci\u00f3n bancaria, an\u00e1lisis de cuentas, flujos de caja, informes de presupuesto, informes de gastos.<\/b><\/span><\/font><\/li><li><font face=\"Arial, sans-serif\"><span style=\"font-size: 16px;\"><b>Determinaci\u00f3n de Impuesto mensuales F29-F50.<\/b><\/span><\/font><\/li><li><font face=\"Arial, sans-serif\"><span style=\"font-size: 16px;\"><b>Entrega de balances mensuales, trimestrales, semestrales y anuales.<\/b><\/span><\/font><\/li><li><font face=\"Arial, sans-serif\"><span style=\"font-size: 16px;\"><b>Proyecciones de impuestos anuales.<\/b><\/span><\/font><\/li><li><font face=\"Arial, sans-serif\"><span style=\"font-size: 16px;\"><b>Proceso de renta: Declaraciones juradas, Declaraciones de renta, F-22 (personas y sociedades).<\/b><\/span><\/font><\/li><li><font face=\"Arial, sans-serif\"><span style=\"font-size: 16px;\"><b>Toma de inventario.<\/b><\/span><\/font><\/li><li><font face=\"Arial, sans-serif\"><span style=\"font-size: 16px;\"><b>Trabajamos con sistemas SOFTLAND ERP, KAMEONE, MINISOFT, DHARMA USAHA, FACTURACION.CL, MIPYME SII, entre otros.<\/b><\/span><\/font><\/li>\n<\/ul><\/div>\n\t\t\t\t<\/div>\n\t\t\t\t<\/div>\n\t\t\t\t\t\t<\/div>\n\t\t\t<\/div>\n\t\t<\/div>\n\t\t\t\t\t\t<\/div>\n\t\t\t<\/div>\n\t\t<\/section>\n\t\t\t\t<section class=\"elementor-element elementor-element-6686da15 elementor-section-content-middle elementor-section-boxed elementor-section-height-default elementor-section-height-default elementor-section elementor-inner-section\" data-id=\"6686da15\" data-element_type=\"section\">\n\t\t\t\t\t\t<div class=\"elementor-container elementor-column-gap-no\">\n\t\t\t\t<div class=\"elementor-row\">\n\t\t\t\t<div class=\"elementor-element elementor-element-7b9961ee elementor-column elementor-col-100 elementor-inner-column\" data-id=\"7b9961ee\" data-element_type=\"column\">\n\t\t\t<div class=\"elementor-column-wrap\">\n\t\t\t\t\t<div class=\"elementor-widget-wrap\">\n\t\t\t\t\t\t<\/div>\n\t\t\t<\/div>\n\t\t<\/div>\n\t\t\t\t\t\t<\/div>\n\t\t\t<\/div>\n\t\t<\/section>\n\t\t\t\t\t\t<\/div>\n\t\t\t<\/div>\n\t\t<\/div>\n\t\t\t\t\t\t<\/div>\n\t\t\t<\/div>\n\t\t<\/section>\n\t\t\t\t<section class=\"elementor-element elementor-element-2b8185fc elementor-section-content-middle elementor-section-boxed elementor-section-height-default elementor-section-height-default elementor-section elementor-top-section\" data-id=\"2b8185fc\" data-element_type=\"section\" data-settings=\"{&quot;background_background&quot;:&quot;classic&quot;}\">\n\t\t\t\t\t\t\t<div class=\"elementor-background-overlay\"><\/div>\n\t\t\t\t\t\t\t<div class=\"elementor-container elementor-column-gap-no\">\n\t\t\t\t<div class=\"elementor-row\">\n\t\t\t\t<div class=\"elementor-element elementor-element-2f8c39f3 elementor-column elementor-col-100 elementor-top-column\" data-id=\"2f8c39f3\" data-element_type=\"column\">\n\t\t\t<div class=\"elementor-column-wrap  elementor-element-populated\">\n\t\t\t\t\t<div class=\"elementor-widget-wrap\">\n\t\t\t\t<div class=\"elementor-element elementor-element-47c5159c elementor-absolute elementor-widget elementor-widget-image\" data-id=\"47c5159c\" data-element_type=\"widget\" data-settings=\"{&quot;_position&quot;:&quot;absolute&quot;}\" data-widget_type=\"image.default\">\n\t\t\t\t<div class=\"elementor-widget-container\">\n\t\t\t\t\t<div class=\"elementor-image\">\n\t\t\t\t\t\t\t\t\t\t\t<a href=\"https:\/\/integralfull.cl\/\">\n\t\t\t\t\t\t\t<img width=\"250\" height=\"68\" src=\"https:\/\/integralfull.cl\/wp-content\/uploads\/2020\/08\/Logo-asesorias-integral-full-blanco-web-png.png\" class=\"attachment-large size-large\" alt=\"\" loading=\"lazy\" \/>\t\t\t\t\t\t\t\t<\/a>\n\t\t\t\t\t\t\t\t\t\t\t<\/div>\n\t\t\t\t<\/div>\n\t\t\t\t<\/div>\n\t\t\t\t\t\t<\/div>\n\t\t\t<\/div>\n\t\t<\/div>\n\t\t\t\t\t\t<\/div>\n\t\t\t<\/div>\n\t\t<\/section>\n\t\t\t\t\t\t<\/div>\n\t\t\t<\/div>\n\t\t<\/div>\n\t\t","protected":false},"excerpt":{"rendered":"<p>\u00c1rea Contable Digitaci\u00f3n de movimientos diarios, conciliaci\u00f3n bancaria, an\u00e1lisis de cuentas, flujos de caja, informes de presupuesto, informes de gastos. Determinaci\u00f3n de Impuesto mensuales F29-F50. Entrega de balances mensuales, trimestrales, semestrales y anuales. Proyecciones de impuestos anuales. Proceso de renta: Declaraciones juradas, Declaraciones de renta, F-22 (personas y sociedades). Toma de inventario. Trabajamos con sistemas &hellip;<\/p>\n<p class=\"read-more\"> <a class=\"\" href=\"https:\/\/integralfull.cl\/index.php\/servicios\/area-contable\/\"> <span class=\"screen-reader-text\">\u00c1rea Contable<\/span> Read More &raquo;<\/a><\/p>\n","protected":false},"author":1,"featured_media":0,"parent":81,"menu_order":2,"comment_status":"closed","ping_status":"closed","template":"","meta":[],"yoast_head":"<!-- This site is optimized with the Yoast SEO plugin v15.5 - https:\/\/yoast.com\/wordpress\/plugins\/seo\/ -->\n<title>\u00c1rea Contable - Integral full<\/title>\n<meta name=\"robots\" content=\"index, follow, max-snippet:-1, max-image-preview:large, max-video-preview:-1\" \/>\n<link rel=\"canonical\" href=\"https:\/\/integralfull.cl\/index.php\/servicios\/area-contable\/\" \/>\n<meta property=\"og:locale\" content=\"es_ES\" \/>\n<meta property=\"og:type\" content=\"article\" \/>\n<meta property=\"og:title\" content=\"\u00c1rea Contable - Integral full\" \/>\n<meta property=\"og:description\" content=\"\u00c1rea Contable Digitaci\u00f3n de movimientos diarios, conciliaci\u00f3n bancaria, an\u00e1lisis de cuentas, flujos de caja, informes de presupuesto, informes de gastos. Determinaci\u00f3n de Impuesto mensuales F29-F50. Entrega de balances mensuales, trimestrales, semestrales y anuales. Proyecciones de impuestos anuales. Proceso de renta: Declaraciones juradas, Declaraciones de renta, F-22 (personas y sociedades). Toma de inventario. Trabajamos con sistemas &hellip; \u00c1rea Contable Read More &raquo;\" \/>\n<meta property=\"og:url\" content=\"https:\/\/integralfull.cl\/index.php\/servicios\/area-contable\/\" \/>\n<meta property=\"og:site_name\" content=\"Integral full\" \/>\n<meta property=\"article:modified_time\" content=\"2020-09-01T20:07:36+00:00\" \/>\n<meta property=\"og:image\" content=\"https:\/\/integralfull.cl\/wp-content\/uploads\/2020\/08\/area-contable.jpg\" \/>\n<meta name=\"twitter:card\" content=\"summary_large_image\" \/>\n<meta name=\"twitter:label1\" content=\"Est. reading time\">\n\t<meta name=\"twitter:data1\" content=\"0 minutos\">\n<script type=\"application\/ld+json\" class=\"yoast-schema-graph\">{\"@context\":\"https:\/\/schema.org\",\"@graph\":[{\"@type\":\"WebSite\",\"@id\":\"https:\/\/integralfull.cl\/#website\",\"url\":\"https:\/\/integralfull.cl\/\",\"name\":\"Integral full\",\"description\":\"\",\"potentialAction\":[{\"@type\":\"SearchAction\",\"target\":\"https:\/\/integralfull.cl\/?s={search_term_string}\",\"query-input\":\"required name=search_term_string\"}],\"inLanguage\":\"es-CL\"},{\"@type\":\"ImageObject\",\"@id\":\"https:\/\/integralfull.cl\/index.php\/servicios\/area-contable\/#primaryimage\",\"inLanguage\":\"es-CL\",\"url\":\"https:\/\/integralfull.cl\/wp-content\/uploads\/2020\/08\/area-contable.jpg\"},{\"@type\":\"WebPage\",\"@id\":\"https:\/\/integralfull.cl\/index.php\/servicios\/area-contable\/#webpage\",\"url\":\"https:\/\/integralfull.cl\/index.php\/servicios\/area-contable\/\",\"name\":\"\\u00c1rea Contable - Integral full\",\"isPartOf\":{\"@id\":\"https:\/\/integralfull.cl\/#website\"},\"primaryImageOfPage\":{\"@id\":\"https:\/\/integralfull.cl\/index.php\/servicios\/area-contable\/#primaryimage\"},\"datePublished\":\"2020-08-15T01:13:27+00:00\",\"dateModified\":\"2020-09-01T20:07:36+00:00\",\"inLanguage\":\"es-CL\",\"potentialAction\":[{\"@type\":\"ReadAction\",\"target\":[\"https:\/\/integralfull.cl\/index.php\/servicios\/area-contable\/\"]}]}]}<\/script>\n<!-- \/ Yoast SEO plugin. -->","_links":{"self":[{"href":"https:\/\/integralfull.cl\/index.php\/wp-json\/wp\/v2\/pages\/135"}],"collection":[{"href":"https:\/\/integralfull.cl\/index.php\/wp-json\/wp\/v2\/pages"}],"about":[{"href":"https:\/\/integralfull.cl\/index.php\/wp-json\/wp\/v2\/types\/page"}],"author":[{"embeddable":true,"href":"https:\/\/integralfull.cl\/index.php\/wp-json\/wp\/v2\/users\/1"}],"replies":[{"embeddable":true,"href":"https:\/\/integralfull.cl\/index.php\/wp-json\/wp\/v2\/comments?post=135"}],"version-history":[{"count":32,"href":"https:\/\/integralfull.cl\/index.php\/wp-json\/wp\/v2\/pages\/135\/revisions"}],"predecessor-version":[{"id":390,"href":"https:\/\/integralfull.cl\/index.php\/wp-json\/wp\/v2\/pages\/135\/revisions\/390"}],"up":[{"embeddable":true,"href":"https:\/\/integralfull.cl\/index.php\/wp-json\/wp\/v2\/pages\/81"}],"wp:attachment":[{"href":"https:\/\/integralfull.cl\/index.php\/wp-json\/wp\/v2\/media?parent=135"}],"curies":[{"name":"wp","href":"https:\/\/api.w.org\/{rel}","templated":true}]}}