{"id":217,"date":"2020-08-14T23:31:36","date_gmt":"2020-08-15T03:31:36","guid":{"rendered":"https:\/\/integralfull.cl\/?page_id=217"},"modified":"2020-09-01T17:46:41","modified_gmt":"2020-09-01T21:46:41","slug":"area-laboral","status":"publish","type":"page","link":"https:\/\/integralfull.cl\/index.php\/servicios\/area-laboral\/","title":{"rendered":"\u00c1rea Laboral"},"content":{"rendered":"\t\t<div data-elementor-type=\"wp-page\" data-elementor-id=\"217\" class=\"elementor elementor-217\" data-elementor-settings=\"[]\">\n\t\t\t<div class=\"elementor-inner\">\n\t\t\t\t<div class=\"elementor-section-wrap\">\n\t\t\t\t\t\t\t<section class=\"elementor-element elementor-element-68013a55 elementor-section-content-middle elementor-section-boxed elementor-section-height-default elementor-section-height-default elementor-section elementor-top-section\" data-id=\"68013a55\" data-element_type=\"section\">\n\t\t\t\t\t\t<div class=\"elementor-container elementor-column-gap-no\">\n\t\t\t\t<div class=\"elementor-row\">\n\t\t\t\t<div class=\"elementor-element elementor-element-18a207ce elementor-column elementor-col-100 elementor-top-column\" data-id=\"18a207ce\" data-element_type=\"column\">\n\t\t\t<div class=\"elementor-column-wrap  elementor-element-populated\">\n\t\t\t\t\t<div class=\"elementor-widget-wrap\">\n\t\t\t\t<section class=\"elementor-element elementor-element-d25c5f8 elementor-section-content-middle elementor-section-boxed elementor-section-height-default elementor-section-height-default elementor-section elementor-inner-section\" data-id=\"d25c5f8\" data-element_type=\"section\">\n\t\t\t\t\t\t<div class=\"elementor-container elementor-column-gap-no\">\n\t\t\t\t<div class=\"elementor-row\">\n\t\t\t\t<div class=\"elementor-element elementor-element-446f987d elementor-column elementor-col-50 elementor-inner-column\" data-id=\"446f987d\" data-element_type=\"column\">\n\t\t\t<div class=\"elementor-column-wrap  elementor-element-populated\">\n\t\t\t\t\t<div class=\"elementor-widget-wrap\">\n\t\t\t\t<div class=\"elementor-element elementor-element-390b4609 elementor-widget elementor-widget-image\" data-id=\"390b4609\" data-element_type=\"widget\" data-widget_type=\"image.default\">\n\t\t\t\t<div class=\"elementor-widget-container\">\n\t\t\t\t\t<div class=\"elementor-image\">\n\t\t\t\t\t\t\t\t\t\t<img width=\"640\" height=\"427\" src=\"https:\/\/integralfull.cl\/wp-content\/uploads\/2020\/08\/pexels-christina-morillo-1181622-2.jpg\" class=\"attachment-large size-large\" alt=\"\" loading=\"lazy\" srcset=\"https:\/\/integralfull.cl\/wp-content\/uploads\/2020\/08\/pexels-christina-morillo-1181622-2.jpg 640w, https:\/\/integralfull.cl\/wp-content\/uploads\/2020\/08\/pexels-christina-morillo-1181622-2-300x200.jpg 300w\" sizes=\"(max-width: 640px) 100vw, 640px\" \/>\t\t\t\t\t\t\t\t\t\t\t<\/div>\n\t\t\t\t<\/div>\n\t\t\t\t<\/div>\n\t\t\t\t\t\t<\/div>\n\t\t\t<\/div>\n\t\t<\/div>\n\t\t\t\t<div class=\"elementor-element elementor-element-4e5d1af2 elementor-column elementor-col-50 elementor-inner-column\" data-id=\"4e5d1af2\" data-element_type=\"column\">\n\t\t\t<div class=\"elementor-column-wrap  elementor-element-populated\">\n\t\t\t\t\t<div class=\"elementor-widget-wrap\">\n\t\t\t\t<div class=\"elementor-element elementor-element-3af9278e elementor-widget elementor-widget-heading\" data-id=\"3af9278e\" data-element_type=\"widget\" data-widget_type=\"heading.default\">\n\t\t\t\t<div class=\"elementor-widget-container\">\n\t\t\t<h2 class=\"elementor-heading-title elementor-size-default\">\u00c1rea Laboral<\/h2>\t\t<\/div>\n\t\t\t\t<\/div>\n\t\t\t\t<div class=\"elementor-element elementor-element-7ff7760 elementor-widget elementor-widget-text-editor\" data-id=\"7ff7760\" data-element_type=\"widget\" data-widget_type=\"text-editor.default\">\n\t\t\t\t<div class=\"elementor-widget-container\">\n\t\t\t\t\t<div class=\"elementor-text-editor elementor-clearfix\"><ul>\n<li><font face=\"Arial, sans-serif\"><span style=\"font-size: 16px;\"><b>Calculo de Liquidaciones de sueldo.<\/b><\/span><\/font><\/li>\n<li><font face=\"Arial, sans-serif\"><span style=\"font-size: 16px;\"><b>Libro de remuneraciones.<\/b><\/span><\/font><\/li>\n<li><font face=\"Arial, sans-serif\"><span style=\"font-size: 16px;\"><b>Confecci\u00f3n de Contrato de Trabajo.<\/b><\/span><\/font><\/li>\n<li><font face=\"Arial, sans-serif\"><span style=\"font-size: 16px;\"><b>Confecciones y c\u00e1lculos de Finiquitos.<\/b><\/span><\/font><\/li>\n<li><font face=\"Arial, sans-serif\"><span style=\"font-size: 16px;\"><b>Control de personal en terreno.<\/b><\/span><\/font><\/li><li><font face=\"Arial, sans-serif\"><span style=\"font-size: 16px;\"><b>F-30 y F-31.<\/b><\/span><\/font><\/li><li><font face=\"Arial, sans-serif\"><span style=\"font-size: 16px;\"><b>Presentaciones de inspecci\u00f3n del trabajo.<\/b><\/span><\/font><\/li><li><font face=\"Arial, sans-serif\"><span style=\"font-size: 16px;\"><b>Certificados de sueldo.<\/b><\/span><\/font><\/li><li><font face=\"Arial, sans-serif\"><span style=\"font-size: 16px;\"><b>Trabajamos con sistema SOFTLAND ERP, MINISOFT SUELDOS.<\/b><\/span><\/font><\/li>\n<\/ul><\/div>\n\t\t\t\t<\/div>\n\t\t\t\t<\/div>\n\t\t\t\t\t\t<\/div>\n\t\t\t<\/div>\n\t\t<\/div>\n\t\t\t\t\t\t<\/div>\n\t\t\t<\/div>\n\t\t<\/section>\n\t\t\t\t\t\t<\/div>\n\t\t\t<\/div>\n\t\t<\/div>\n\t\t\t\t\t\t<\/div>\n\t\t\t<\/div>\n\t\t<\/section>\n\t\t\t\t<section class=\"elementor-element elementor-element-446307b0 elementor-section-content-middle elementor-section-boxed elementor-section-height-default elementor-section-height-default elementor-section elementor-top-section\" data-id=\"446307b0\" data-element_type=\"section\" data-settings=\"{&quot;background_background&quot;:&quot;classic&quot;}\">\n\t\t\t\t\t\t\t<div class=\"elementor-background-overlay\"><\/div>\n\t\t\t\t\t\t\t<div class=\"elementor-container elementor-column-gap-no\">\n\t\t\t\t<div class=\"elementor-row\">\n\t\t\t\t<div class=\"elementor-element elementor-element-3178bf41 elementor-column elementor-col-100 elementor-top-column\" data-id=\"3178bf41\" data-element_type=\"column\">\n\t\t\t<div class=\"elementor-column-wrap  elementor-element-populated\">\n\t\t\t\t\t<div class=\"elementor-widget-wrap\">\n\t\t\t\t<div class=\"elementor-element elementor-element-fb0615d elementor-absolute elementor-widget elementor-widget-image\" data-id=\"fb0615d\" data-element_type=\"widget\" data-settings=\"{&quot;_position&quot;:&quot;absolute&quot;}\" data-widget_type=\"image.default\">\n\t\t\t\t<div class=\"elementor-widget-container\">\n\t\t\t\t\t<div class=\"elementor-image\">\n\t\t\t\t\t\t\t\t\t\t\t<a href=\"https:\/\/integralfull.cl\/\">\n\t\t\t\t\t\t\t<img width=\"250\" height=\"68\" src=\"https:\/\/integralfull.cl\/wp-content\/uploads\/2020\/08\/Logo-asesorias-integral-full-blanco-web-png.png\" class=\"attachment-large size-large\" alt=\"\" loading=\"lazy\" \/>\t\t\t\t\t\t\t\t<\/a>\n\t\t\t\t\t\t\t\t\t\t\t<\/div>\n\t\t\t\t<\/div>\n\t\t\t\t<\/div>\n\t\t\t\t\t\t<\/div>\n\t\t\t<\/div>\n\t\t<\/div>\n\t\t\t\t\t\t<\/div>\n\t\t\t<\/div>\n\t\t<\/section>\n\t\t\t\t\t\t<\/div>\n\t\t\t<\/div>\n\t\t<\/div>\n\t\t","protected":false},"excerpt":{"rendered":"<p>\u00c1rea Laboral Calculo de Liquidaciones de sueldo. Libro de remuneraciones. Confecci\u00f3n de Contrato de Trabajo. Confecciones y c\u00e1lculos de Finiquitos. Control de personal en terreno. F-30 y F-31. Presentaciones de inspecci\u00f3n del trabajo. Certificados de sueldo. Trabajamos con sistema SOFTLAND ERP, MINISOFT SUELDOS.<\/p>\n","protected":false},"author":1,"featured_media":0,"parent":81,"menu_order":4,"comment_status":"closed","ping_status":"closed","template":"","meta":[],"yoast_head":"<!-- This site is optimized with the Yoast SEO plugin v15.5 - https:\/\/yoast.com\/wordpress\/plugins\/seo\/ -->\n<title>\u00c1rea Laboral - Integral full<\/title>\n<meta name=\"robots\" content=\"index, follow, max-snippet:-1, max-image-preview:large, max-video-preview:-1\" \/>\n<link rel=\"canonical\" href=\"https:\/\/integralfull.cl\/index.php\/servicios\/area-laboral\/\" \/>\n<meta property=\"og:locale\" content=\"es_ES\" \/>\n<meta property=\"og:type\" content=\"article\" \/>\n<meta property=\"og:title\" content=\"\u00c1rea Laboral - Integral full\" \/>\n<meta property=\"og:description\" content=\"\u00c1rea Laboral Calculo de Liquidaciones de sueldo. Libro de remuneraciones. Confecci\u00f3n de Contrato de Trabajo. Confecciones y c\u00e1lculos de Finiquitos. Control de personal en terreno. F-30 y F-31. Presentaciones de inspecci\u00f3n del trabajo. Certificados de sueldo. Trabajamos con sistema SOFTLAND ERP, MINISOFT SUELDOS.\" \/>\n<meta property=\"og:url\" content=\"https:\/\/integralfull.cl\/index.php\/servicios\/area-laboral\/\" \/>\n<meta property=\"og:site_name\" content=\"Integral full\" \/>\n<meta property=\"article:modified_time\" content=\"2020-09-01T21:46:41+00:00\" \/>\n<meta property=\"og:image\" content=\"https:\/\/integralfull.cl\/wp-content\/uploads\/2020\/08\/pexels-christina-morillo-1181622-2.jpg\" \/>\n<meta name=\"twitter:card\" content=\"summary_large_image\" \/>\n<meta name=\"twitter:label1\" content=\"Est. reading time\">\n\t<meta name=\"twitter:data1\" content=\"0 minutos\">\n<script type=\"application\/ld+json\" class=\"yoast-schema-graph\">{\"@context\":\"https:\/\/schema.org\",\"@graph\":[{\"@type\":\"WebSite\",\"@id\":\"https:\/\/integralfull.cl\/#website\",\"url\":\"https:\/\/integralfull.cl\/\",\"name\":\"Integral full\",\"description\":\"\",\"potentialAction\":[{\"@type\":\"SearchAction\",\"target\":\"https:\/\/integralfull.cl\/?s={search_term_string}\",\"query-input\":\"required name=search_term_string\"}],\"inLanguage\":\"es-CL\"},{\"@type\":\"ImageObject\",\"@id\":\"https:\/\/integralfull.cl\/index.php\/servicios\/area-laboral\/#primaryimage\",\"inLanguage\":\"es-CL\",\"url\":\"https:\/\/integralfull.cl\/wp-content\/uploads\/2020\/08\/pexels-christina-morillo-1181622-2.jpg\"},{\"@type\":\"WebPage\",\"@id\":\"https:\/\/integralfull.cl\/index.php\/servicios\/area-laboral\/#webpage\",\"url\":\"https:\/\/integralfull.cl\/index.php\/servicios\/area-laboral\/\",\"name\":\"\\u00c1rea Laboral - Integral full\",\"isPartOf\":{\"@id\":\"https:\/\/integralfull.cl\/#website\"},\"primaryImageOfPage\":{\"@id\":\"https:\/\/integralfull.cl\/index.php\/servicios\/area-laboral\/#primaryimage\"},\"datePublished\":\"2020-08-15T03:31:36+00:00\",\"dateModified\":\"2020-09-01T21:46:41+00:00\",\"inLanguage\":\"es-CL\",\"potentialAction\":[{\"@type\":\"ReadAction\",\"target\":[\"https:\/\/integralfull.cl\/index.php\/servicios\/area-laboral\/\"]}]}]}<\/script>\n<!-- \/ Yoast SEO plugin. -->","_links":{"self":[{"href":"https:\/\/integralfull.cl\/index.php\/wp-json\/wp\/v2\/pages\/217"}],"collection":[{"href":"https:\/\/integralfull.cl\/index.php\/wp-json\/wp\/v2\/pages"}],"about":[{"href":"https:\/\/integralfull.cl\/index.php\/wp-json\/wp\/v2\/types\/page"}],"author":[{"embeddable":true,"href":"https:\/\/integralfull.cl\/index.php\/wp-json\/wp\/v2\/users\/1"}],"replies":[{"embeddable":true,"href":"https:\/\/integralfull.cl\/index.php\/wp-json\/wp\/v2\/comments?post=217"}],"version-history":[{"count":26,"href":"https:\/\/integralfull.cl\/index.php\/wp-json\/wp\/v2\/pages\/217\/revisions"}],"predecessor-version":[{"id":457,"href":"https:\/\/integralfull.cl\/index.php\/wp-json\/wp\/v2\/pages\/217\/revisions\/457"}],"up":[{"embeddable":true,"href":"https:\/\/integralfull.cl\/index.php\/wp-json\/wp\/v2\/pages\/81"}],"wp:attachment":[{"href":"https:\/\/integralfull.cl\/index.php\/wp-json\/wp\/v2\/media?parent=217"}],"curies":[{"name":"wp","href":"https:\/\/api.w.org\/{rel}","templated":true}]}}