{"id":379,"date":"2020-09-01T15:48:06","date_gmt":"2020-09-01T19:48:06","guid":{"rendered":"https:\/\/integralfull.cl\/?page_id=379"},"modified":"2020-09-01T17:41:52","modified_gmt":"2020-09-01T21:41:52","slug":"factura-electronica","status":"publish","type":"page","link":"https:\/\/integralfull.cl\/index.php\/servicios\/factura-electronica\/","title":{"rendered":"Factura Electr\u00f3nica"},"content":{"rendered":"\t\t<div data-elementor-type=\"wp-page\" data-elementor-id=\"379\" class=\"elementor elementor-379\" data-elementor-settings=\"[]\">\n\t\t\t<div class=\"elementor-inner\">\n\t\t\t\t<div class=\"elementor-section-wrap\">\n\t\t\t\t\t\t\t<section class=\"elementor-element elementor-element-7b0034e5 elementor-section-content-middle elementor-section-boxed elementor-section-height-default elementor-section-height-default elementor-section elementor-top-section\" data-id=\"7b0034e5\" data-element_type=\"section\">\n\t\t\t\t\t\t<div class=\"elementor-container elementor-column-gap-no\">\n\t\t\t\t<div class=\"elementor-row\">\n\t\t\t\t<div class=\"elementor-element elementor-element-3c6199c1 elementor-column elementor-col-100 elementor-top-column\" data-id=\"3c6199c1\" data-element_type=\"column\">\n\t\t\t<div class=\"elementor-column-wrap  elementor-element-populated\">\n\t\t\t\t\t<div class=\"elementor-widget-wrap\">\n\t\t\t\t<section class=\"elementor-element elementor-element-6056c5e6 elementor-section-content-middle elementor-section-boxed elementor-section-height-default elementor-section-height-default elementor-section elementor-inner-section\" data-id=\"6056c5e6\" data-element_type=\"section\">\n\t\t\t\t\t\t<div class=\"elementor-container elementor-column-gap-no\">\n\t\t\t\t<div class=\"elementor-row\">\n\t\t\t\t<div class=\"elementor-element elementor-element-1301f6d8 elementor-column elementor-col-50 elementor-inner-column\" data-id=\"1301f6d8\" data-element_type=\"column\">\n\t\t\t<div class=\"elementor-column-wrap  elementor-element-populated\">\n\t\t\t\t\t<div class=\"elementor-widget-wrap\">\n\t\t\t\t<div class=\"elementor-element elementor-element-7b01d5e2 elementor-widget elementor-widget-image\" data-id=\"7b01d5e2\" data-element_type=\"widget\" data-widget_type=\"image.default\">\n\t\t\t\t<div class=\"elementor-widget-container\">\n\t\t\t\t\t<div class=\"elementor-image\">\n\t\t\t\t\t\t\t\t\t\t<img width=\"768\" height=\"845\" src=\"https:\/\/integralfull.cl\/wp-content\/uploads\/2020\/09\/facturacion-electronica-768x845.png\" class=\"attachment-medium_large size-medium_large\" alt=\"\" loading=\"lazy\" srcset=\"https:\/\/integralfull.cl\/wp-content\/uploads\/2020\/09\/facturacion-electronica-768x845.png 768w, https:\/\/integralfull.cl\/wp-content\/uploads\/2020\/09\/facturacion-electronica-273x300.png 273w, https:\/\/integralfull.cl\/wp-content\/uploads\/2020\/09\/facturacion-electronica-931x1024.png 931w, https:\/\/integralfull.cl\/wp-content\/uploads\/2020\/09\/facturacion-electronica-1397x1536.png 1397w, https:\/\/integralfull.cl\/wp-content\/uploads\/2020\/09\/facturacion-electronica-1862x2048.png 1862w\" sizes=\"(max-width: 768px) 100vw, 768px\" \/>\t\t\t\t\t\t\t\t\t\t\t<\/div>\n\t\t\t\t<\/div>\n\t\t\t\t<\/div>\n\t\t\t\t\t\t<\/div>\n\t\t\t<\/div>\n\t\t<\/div>\n\t\t\t\t<div class=\"elementor-element elementor-element-7d26dcbb elementor-column elementor-col-50 elementor-inner-column\" data-id=\"7d26dcbb\" data-element_type=\"column\">\n\t\t\t<div class=\"elementor-column-wrap  elementor-element-populated\">\n\t\t\t\t\t<div class=\"elementor-widget-wrap\">\n\t\t\t\t<div class=\"elementor-element elementor-element-6d901143 elementor-widget elementor-widget-heading\" data-id=\"6d901143\" data-element_type=\"widget\" data-widget_type=\"heading.default\">\n\t\t\t\t<div class=\"elementor-widget-container\">\n\t\t\t<h2 class=\"elementor-heading-title elementor-size-default\">Factura Electr\u00f3nica<\/h2>\t\t<\/div>\n\t\t\t\t<\/div>\n\t\t\t\t<div class=\"elementor-element elementor-element-438750b elementor-widget elementor-widget-text-editor\" data-id=\"438750b\" data-element_type=\"widget\" data-widget_type=\"text-editor.default\">\n\t\t\t\t<div class=\"elementor-widget-container\">\n\t\t\t\t\t<div class=\"elementor-text-editor elementor-clearfix\"><p><em><strong>MIPYME SII<\/strong><\/em><\/p><\/div>\n\t\t\t\t<\/div>\n\t\t\t\t<\/div>\n\t\t\t\t<div class=\"elementor-element elementor-element-4e5e44e9 elementor-widget elementor-widget-text-editor\" data-id=\"4e5e44e9\" data-element_type=\"widget\" data-widget_type=\"text-editor.default\">\n\t\t\t\t<div class=\"elementor-widget-container\">\n\t\t\t\t\t<div class=\"elementor-text-editor elementor-clearfix\"><ul><li><span style=\"font-family: Arial, sans-serif;\"><span style=\"font-size: 16px;\"><b>Incorporaci\u00f3n, capacitaci\u00f3n sistema.<\/b><\/span><\/span><\/li><li><span style=\"font-family: Arial, sans-serif;\"><span style=\"font-size: 16px;\"><b>Firma digital.<\/b><\/span><\/span><\/li><li><span style=\"font-family: Arial, sans-serif;\"><span style=\"font-size: 16px;\"><b>Libros contables electr\u00f3nicos (compra y venta)<\/b><\/span><\/span><\/li><li><span style=\"font-family: Arial, sans-serif;\"><span style=\"font-size: 16px;\"><b>Emisi\u00f3n de documentos.<\/b><\/span><\/span><\/li><li><span style=\"font-family: Arial, sans-serif;\"><span style=\"font-size: 16px;\"><b>Seguimientos de documentos.<\/b><\/span><\/span><\/li><li><span style=\"font-family: Arial, sans-serif;\"><span style=\"font-size: 16px;\"><b>Ceder documentos.<\/b><\/span><\/span><\/li><\/ul><\/div>\n\t\t\t\t<\/div>\n\t\t\t\t<\/div>\n\t\t\t\t<div class=\"elementor-element elementor-element-3c7dca1 elementor-widget elementor-widget-text-editor\" data-id=\"3c7dca1\" data-element_type=\"widget\" data-widget_type=\"text-editor.default\">\n\t\t\t\t<div class=\"elementor-widget-container\">\n\t\t\t\t\t<div class=\"elementor-text-editor elementor-clearfix\"><p><em><strong>SISTEMA PROPIO O DE MERCADO<\/strong><\/em><\/p><\/div>\n\t\t\t\t<\/div>\n\t\t\t\t<\/div>\n\t\t\t\t<div class=\"elementor-element elementor-element-5ef7fcc elementor-widget elementor-widget-text-editor\" data-id=\"5ef7fcc\" data-element_type=\"widget\" data-widget_type=\"text-editor.default\">\n\t\t\t\t<div class=\"elementor-widget-container\">\n\t\t\t\t\t<div class=\"elementor-text-editor elementor-clearfix\"><ul><li><span style=\"font-family: Arial, sans-serif;\"><span style=\"font-size: 16px;\"><b>Incorporaci\u00f3n, certificaci\u00f3n, capacitaciones y arriendo de 1 usuario al sistema en linea SOFTLAND CLUOD. M\u00f3dulos de gesti\u00f3n: cotizaciones y nota de venta, orden de compra, inventario facturaci\u00f3n, punto de venta.<\/b><\/span><\/span><\/li><li><span style=\"font-family: Arial, sans-serif;\"><span style=\"font-size: 16px;\"><b>Asistencia remota.<\/b><\/span><\/span><\/li><li><span style=\"font-family: Arial, sans-serif;\"><span style=\"font-size: 16px;\"><b>Boleta de honorarios electr\u00f3nicas: inicio de actividades, timbrar y administrar.<\/b><\/span><\/span><\/li><\/ul><\/div>\n\t\t\t\t<\/div>\n\t\t\t\t<\/div>\n\t\t\t\t\t\t<\/div>\n\t\t\t<\/div>\n\t\t<\/div>\n\t\t\t\t\t\t<\/div>\n\t\t\t<\/div>\n\t\t<\/section>\n\t\t\t\t\t\t<\/div>\n\t\t\t<\/div>\n\t\t<\/div>\n\t\t\t\t\t\t<\/div>\n\t\t\t<\/div>\n\t\t<\/section>\n\t\t\t\t<section class=\"elementor-element elementor-element-46bc1fca elementor-section-content-middle elementor-section-boxed elementor-section-height-default elementor-section-height-default elementor-section elementor-top-section\" data-id=\"46bc1fca\" data-element_type=\"section\" data-settings=\"{&quot;background_background&quot;:&quot;classic&quot;}\">\n\t\t\t\t\t\t\t<div class=\"elementor-background-overlay\"><\/div>\n\t\t\t\t\t\t\t<div class=\"elementor-container elementor-column-gap-no\">\n\t\t\t\t<div class=\"elementor-row\">\n\t\t\t\t<div class=\"elementor-element elementor-element-3124aaf7 elementor-column elementor-col-100 elementor-top-column\" data-id=\"3124aaf7\" data-element_type=\"column\">\n\t\t\t<div class=\"elementor-column-wrap  elementor-element-populated\">\n\t\t\t\t\t<div class=\"elementor-widget-wrap\">\n\t\t\t\t<div class=\"elementor-element elementor-element-8fb348d elementor-absolute elementor-widget elementor-widget-image\" data-id=\"8fb348d\" data-element_type=\"widget\" data-settings=\"{&quot;_position&quot;:&quot;absolute&quot;}\" data-widget_type=\"image.default\">\n\t\t\t\t<div class=\"elementor-widget-container\">\n\t\t\t\t\t<div class=\"elementor-image\">\n\t\t\t\t\t\t\t\t\t\t\t<a href=\"https:\/\/integralfull.cl\/\">\n\t\t\t\t\t\t\t<img width=\"250\" height=\"68\" src=\"https:\/\/integralfull.cl\/wp-content\/uploads\/2020\/08\/Logo-asesorias-integral-full-blanco-web-png.png\" class=\"attachment-large size-large\" alt=\"\" loading=\"lazy\" \/>\t\t\t\t\t\t\t\t<\/a>\n\t\t\t\t\t\t\t\t\t\t\t<\/div>\n\t\t\t\t<\/div>\n\t\t\t\t<\/div>\n\t\t\t\t\t\t<\/div>\n\t\t\t<\/div>\n\t\t<\/div>\n\t\t\t\t\t\t<\/div>\n\t\t\t<\/div>\n\t\t<\/section>\n\t\t\t\t\t\t<\/div>\n\t\t\t<\/div>\n\t\t<\/div>\n\t\t","protected":false},"excerpt":{"rendered":"<p>Factura Electr\u00f3nica MIPYME SII Incorporaci\u00f3n, capacitaci\u00f3n sistema. Firma digital. Libros contables electr\u00f3nicos (compra y venta) Emisi\u00f3n de documentos. Seguimientos de documentos. Ceder documentos. SISTEMA PROPIO O DE MERCADO Incorporaci\u00f3n, certificaci\u00f3n, capacitaciones y arriendo de 1 usuario al sistema en linea SOFTLAND CLUOD. M\u00f3dulos de gesti\u00f3n: cotizaciones y nota de venta, orden de compra, inventario facturaci\u00f3n, &hellip;<\/p>\n<p class=\"read-more\"> <a class=\"\" href=\"https:\/\/integralfull.cl\/index.php\/servicios\/factura-electronica\/\"> <span class=\"screen-reader-text\">Factura Electr\u00f3nica<\/span> Read More &raquo;<\/a><\/p>\n","protected":false},"author":1,"featured_media":0,"parent":81,"menu_order":5,"comment_status":"closed","ping_status":"closed","template":"","meta":[],"yoast_head":"<!-- This site is optimized with the Yoast SEO plugin v15.5 - https:\/\/yoast.com\/wordpress\/plugins\/seo\/ -->\n<title>Factura Electr\u00f3nica - Integral full<\/title>\n<meta name=\"robots\" content=\"index, follow, max-snippet:-1, max-image-preview:large, max-video-preview:-1\" \/>\n<link rel=\"canonical\" href=\"https:\/\/integralfull.cl\/index.php\/servicios\/factura-electronica\/\" \/>\n<meta property=\"og:locale\" content=\"es_ES\" \/>\n<meta property=\"og:type\" content=\"article\" \/>\n<meta property=\"og:title\" content=\"Factura Electr\u00f3nica - Integral full\" \/>\n<meta property=\"og:description\" content=\"Factura Electr\u00f3nica MIPYME SII Incorporaci\u00f3n, capacitaci\u00f3n sistema. Firma digital. Libros contables electr\u00f3nicos (compra y venta) Emisi\u00f3n de documentos. Seguimientos de documentos. Ceder documentos. SISTEMA PROPIO O DE MERCADO Incorporaci\u00f3n, certificaci\u00f3n, capacitaciones y arriendo de 1 usuario al sistema en linea SOFTLAND CLUOD. M\u00f3dulos de gesti\u00f3n: cotizaciones y nota de venta, orden de compra, inventario facturaci\u00f3n, &hellip; Factura Electr\u00f3nica Read More &raquo;\" \/>\n<meta property=\"og:url\" content=\"https:\/\/integralfull.cl\/index.php\/servicios\/factura-electronica\/\" \/>\n<meta property=\"og:site_name\" content=\"Integral full\" \/>\n<meta property=\"article:modified_time\" content=\"2020-09-01T21:41:52+00:00\" \/>\n<meta property=\"og:image\" content=\"https:\/\/integralfull.cl\/wp-content\/uploads\/2020\/09\/facturacion-electronica-768x845.png\" \/>\n<meta name=\"twitter:card\" content=\"summary_large_image\" \/>\n<meta name=\"twitter:label1\" content=\"Est. reading time\">\n\t<meta name=\"twitter:data1\" content=\"0 minutos\">\n<script type=\"application\/ld+json\" class=\"yoast-schema-graph\">{\"@context\":\"https:\/\/schema.org\",\"@graph\":[{\"@type\":\"WebSite\",\"@id\":\"https:\/\/integralfull.cl\/#website\",\"url\":\"https:\/\/integralfull.cl\/\",\"name\":\"Integral full\",\"description\":\"\",\"potentialAction\":[{\"@type\":\"SearchAction\",\"target\":\"https:\/\/integralfull.cl\/?s={search_term_string}\",\"query-input\":\"required name=search_term_string\"}],\"inLanguage\":\"es-CL\"},{\"@type\":\"ImageObject\",\"@id\":\"https:\/\/integralfull.cl\/index.php\/servicios\/factura-electronica\/#primaryimage\",\"inLanguage\":\"es-CL\",\"url\":\"https:\/\/integralfull.cl\/wp-content\/uploads\/2020\/09\/facturacion-electronica-768x845.png\"},{\"@type\":\"WebPage\",\"@id\":\"https:\/\/integralfull.cl\/index.php\/servicios\/factura-electronica\/#webpage\",\"url\":\"https:\/\/integralfull.cl\/index.php\/servicios\/factura-electronica\/\",\"name\":\"Factura Electr\\u00f3nica - Integral full\",\"isPartOf\":{\"@id\":\"https:\/\/integralfull.cl\/#website\"},\"primaryImageOfPage\":{\"@id\":\"https:\/\/integralfull.cl\/index.php\/servicios\/factura-electronica\/#primaryimage\"},\"datePublished\":\"2020-09-01T19:48:06+00:00\",\"dateModified\":\"2020-09-01T21:41:52+00:00\",\"inLanguage\":\"es-CL\",\"potentialAction\":[{\"@type\":\"ReadAction\",\"target\":[\"https:\/\/integralfull.cl\/index.php\/servicios\/factura-electronica\/\"]}]}]}<\/script>\n<!-- \/ Yoast SEO plugin. -->","_links":{"self":[{"href":"https:\/\/integralfull.cl\/index.php\/wp-json\/wp\/v2\/pages\/379"}],"collection":[{"href":"https:\/\/integralfull.cl\/index.php\/wp-json\/wp\/v2\/pages"}],"about":[{"href":"https:\/\/integralfull.cl\/index.php\/wp-json\/wp\/v2\/types\/page"}],"author":[{"embeddable":true,"href":"https:\/\/integralfull.cl\/index.php\/wp-json\/wp\/v2\/users\/1"}],"replies":[{"embeddable":true,"href":"https:\/\/integralfull.cl\/index.php\/wp-json\/wp\/v2\/comments?post=379"}],"version-history":[{"count":24,"href":"https:\/\/integralfull.cl\/index.php\/wp-json\/wp\/v2\/pages\/379\/revisions"}],"predecessor-version":[{"id":449,"href":"https:\/\/integralfull.cl\/index.php\/wp-json\/wp\/v2\/pages\/379\/revisions\/449"}],"up":[{"embeddable":true,"href":"https:\/\/integralfull.cl\/index.php\/wp-json\/wp\/v2\/pages\/81"}],"wp:attachment":[{"href":"https:\/\/integralfull.cl\/index.php\/wp-json\/wp\/v2\/media?parent=379"}],"curies":[{"name":"wp","href":"https:\/\/api.w.org\/{rel}","templated":true}]}}