{"id":509,"date":"2021-02-07T22:59:10","date_gmt":"2021-02-08T02:59:10","guid":{"rendered":"https:\/\/integralfull.cl\/?page_id=509"},"modified":"2021-02-07T23:36:46","modified_gmt":"2021-02-08T03:36:46","slug":"tramitacion-juridica","status":"publish","type":"page","link":"https:\/\/integralfull.cl\/index.php\/servicios\/tramitacion-juridica\/","title":{"rendered":"Tramitaci\u00f3n Jur\u00eddica"},"content":{"rendered":"\t\t<div data-elementor-type=\"wp-page\" data-elementor-id=\"509\" class=\"elementor elementor-509\" data-elementor-settings=\"[]\">\n\t\t\t<div class=\"elementor-inner\">\n\t\t\t\t<div class=\"elementor-section-wrap\">\n\t\t\t\t\t\t\t<section class=\"elementor-element elementor-element-8243d65 elementor-section-content-middle elementor-section-boxed elementor-section-height-default elementor-section-height-default elementor-section elementor-top-section\" data-id=\"8243d65\" data-element_type=\"section\">\n\t\t\t\t\t\t<div class=\"elementor-container elementor-column-gap-no\">\n\t\t\t\t<div class=\"elementor-row\">\n\t\t\t\t<div class=\"elementor-element elementor-element-844f7b7 elementor-column elementor-col-100 elementor-top-column\" data-id=\"844f7b7\" data-element_type=\"column\">\n\t\t\t<div class=\"elementor-column-wrap  elementor-element-populated\">\n\t\t\t\t\t<div class=\"elementor-widget-wrap\">\n\t\t\t\t<section class=\"elementor-element elementor-element-49b04c36 elementor-section-content-middle elementor-section-boxed elementor-section-height-default elementor-section-height-default elementor-section elementor-inner-section\" data-id=\"49b04c36\" data-element_type=\"section\">\n\t\t\t\t\t\t<div class=\"elementor-container elementor-column-gap-no\">\n\t\t\t\t<div class=\"elementor-row\">\n\t\t\t\t<div class=\"elementor-element elementor-element-76565a81 elementor-column elementor-col-50 elementor-inner-column\" data-id=\"76565a81\" data-element_type=\"column\">\n\t\t\t<div class=\"elementor-column-wrap  elementor-element-populated\">\n\t\t\t\t\t<div class=\"elementor-widget-wrap\">\n\t\t\t\t<div class=\"elementor-element elementor-element-35c9cb27 elementor-widget elementor-widget-image\" data-id=\"35c9cb27\" data-element_type=\"widget\" data-widget_type=\"image.default\">\n\t\t\t\t<div class=\"elementor-widget-container\">\n\t\t\t\t\t<div class=\"elementor-image\">\n\t\t\t\t\t\t\t\t\t\t<img width=\"789\" height=\"525\" src=\"https:\/\/integralfull.cl\/wp-content\/uploads\/2021\/02\/Captura-de-pantalla-2021-02-08-a-las-00.29.56.png\" class=\"attachment-large size-large\" alt=\"\" loading=\"lazy\" srcset=\"https:\/\/integralfull.cl\/wp-content\/uploads\/2021\/02\/Captura-de-pantalla-2021-02-08-a-las-00.29.56.png 789w, https:\/\/integralfull.cl\/wp-content\/uploads\/2021\/02\/Captura-de-pantalla-2021-02-08-a-las-00.29.56-300x200.png 300w, https:\/\/integralfull.cl\/wp-content\/uploads\/2021\/02\/Captura-de-pantalla-2021-02-08-a-las-00.29.56-768x511.png 768w\" sizes=\"(max-width: 789px) 100vw, 789px\" \/>\t\t\t\t\t\t\t\t\t\t\t<\/div>\n\t\t\t\t<\/div>\n\t\t\t\t<\/div>\n\t\t\t\t\t\t<\/div>\n\t\t\t<\/div>\n\t\t<\/div>\n\t\t\t\t<div class=\"elementor-element elementor-element-472d94a0 elementor-column elementor-col-50 elementor-inner-column\" data-id=\"472d94a0\" data-element_type=\"column\">\n\t\t\t<div class=\"elementor-column-wrap  elementor-element-populated\">\n\t\t\t\t\t<div class=\"elementor-widget-wrap\">\n\t\t\t\t<div class=\"elementor-element elementor-element-520cd241 elementor-widget elementor-widget-heading\" data-id=\"520cd241\" data-element_type=\"widget\" data-widget_type=\"heading.default\">\n\t\t\t\t<div class=\"elementor-widget-container\">\n\t\t\t<h2 class=\"elementor-heading-title elementor-size-default\">Tramitaci\u00f3n Jur\u00eddica<\/h2>\t\t<\/div>\n\t\t\t\t<\/div>\n\t\t\t\t<div class=\"elementor-element elementor-element-75ddab27 elementor-widget elementor-widget-text-editor\" data-id=\"75ddab27\" data-element_type=\"widget\" data-widget_type=\"text-editor.default\">\n\t\t\t\t<div class=\"elementor-widget-container\">\n\t\t\t\t\t<div class=\"elementor-text-editor elementor-clearfix\"><div><span style=\"font-family: Arial, sans-serif; font-size: medium;\"><b>Consultor\u00eda<\/b><\/span><span style=\"font-family: Arial, sans-serif; font-size: medium;\"><b>\u00a0Jur\u00eddica en derecho de la familia.\u00a0<\/b><\/span><br \/><span style=\"font-family: Arial, sans-serif; font-size: medium;\"><b><br \/><\/b><\/span><\/div><ul><li><span style=\"font-family: Arial, sans-serif; font-size: medium;\"><b>Liquidaci\u00f3n de alimentos.<\/b><\/span><\/li><li><span style=\"font-family: Arial, sans-serif;\"><span style=\"font-size: 16px;\"><b>Apertura de cuenta bancaria.<\/b><\/span><\/span><\/li><li><span style=\"font-family: Arial, sans-serif;\"><span style=\"font-size: 16px;\"><b>Consulta de causas.<\/b><\/span><\/span><\/li><li><span style=\"font-family: Arial, sans-serif;\"><span style=\"font-size: 16px;\"><b>Redacci\u00f3n de escritos.<\/b><\/span><\/span><\/li><li><span style=\"font-family: Arial, sans-serif;\"><span style=\"font-size: 16px;\"><b>Consultas sobre retiro del 10% AFP.<\/b><\/span><\/span><\/li><\/ul><\/div>\n\t\t\t\t<\/div>\n\t\t\t\t<\/div>\n\t\t\t\t\t\t<\/div>\n\t\t\t<\/div>\n\t\t<\/div>\n\t\t\t\t\t\t<\/div>\n\t\t\t<\/div>\n\t\t<\/section>\n\t\t\t\t\t\t<\/div>\n\t\t\t<\/div>\n\t\t<\/div>\n\t\t\t\t\t\t<\/div>\n\t\t\t<\/div>\n\t\t<\/section>\n\t\t\t\t<section class=\"elementor-element elementor-element-732c3fdf elementor-section-content-middle elementor-section-boxed elementor-section-height-default elementor-section-height-default elementor-section elementor-top-section\" data-id=\"732c3fdf\" data-element_type=\"section\" data-settings=\"{&quot;background_background&quot;:&quot;classic&quot;}\">\n\t\t\t\t\t\t\t<div class=\"elementor-background-overlay\"><\/div>\n\t\t\t\t\t\t\t<div class=\"elementor-container elementor-column-gap-no\">\n\t\t\t\t<div class=\"elementor-row\">\n\t\t\t\t<div class=\"elementor-element elementor-element-d6429f9 elementor-column elementor-col-100 elementor-top-column\" data-id=\"d6429f9\" data-element_type=\"column\">\n\t\t\t<div class=\"elementor-column-wrap  elementor-element-populated\">\n\t\t\t\t\t<div class=\"elementor-widget-wrap\">\n\t\t\t\t<div class=\"elementor-element elementor-element-7dab0319 elementor-absolute elementor-widget elementor-widget-image\" data-id=\"7dab0319\" data-element_type=\"widget\" data-settings=\"{&quot;_position&quot;:&quot;absolute&quot;}\" data-widget_type=\"image.default\">\n\t\t\t\t<div class=\"elementor-widget-container\">\n\t\t\t\t\t<div class=\"elementor-image\">\n\t\t\t\t\t\t\t\t\t\t\t<a href=\"https:\/\/integralfull.cl\/\">\n\t\t\t\t\t\t\t<img width=\"250\" height=\"68\" src=\"https:\/\/integralfull.cl\/wp-content\/uploads\/2020\/08\/Logo-asesorias-integral-full-blanco-web-png.png\" class=\"attachment-large size-large\" alt=\"\" loading=\"lazy\" \/>\t\t\t\t\t\t\t\t<\/a>\n\t\t\t\t\t\t\t\t\t\t\t<\/div>\n\t\t\t\t<\/div>\n\t\t\t\t<\/div>\n\t\t\t\t\t\t<\/div>\n\t\t\t<\/div>\n\t\t<\/div>\n\t\t\t\t\t\t<\/div>\n\t\t\t<\/div>\n\t\t<\/section>\n\t\t\t\t\t\t<\/div>\n\t\t\t<\/div>\n\t\t<\/div>\n\t\t","protected":false},"excerpt":{"rendered":"<p>Tramitaci\u00f3n Jur\u00eddica Consultor\u00eda\u00a0Jur\u00eddica en derecho de la familia.\u00a0 Liquidaci\u00f3n de alimentos. Apertura de cuenta bancaria. Consulta de causas. Redacci\u00f3n de escritos. Consultas sobre retiro del 10% AFP.<\/p>\n","protected":false},"author":1,"featured_media":0,"parent":81,"menu_order":5,"comment_status":"closed","ping_status":"closed","template":"","meta":[],"yoast_head":"<!-- This site is optimized with the Yoast SEO plugin v15.5 - https:\/\/yoast.com\/wordpress\/plugins\/seo\/ -->\n<title>Tramitaci\u00f3n Jur\u00eddica - Integral full<\/title>\n<meta name=\"robots\" content=\"index, follow, max-snippet:-1, max-image-preview:large, max-video-preview:-1\" \/>\n<link rel=\"canonical\" href=\"https:\/\/integralfull.cl\/index.php\/servicios\/tramitacion-juridica\/\" \/>\n<meta property=\"og:locale\" content=\"es_ES\" \/>\n<meta property=\"og:type\" content=\"article\" \/>\n<meta property=\"og:title\" content=\"Tramitaci\u00f3n Jur\u00eddica - Integral full\" \/>\n<meta property=\"og:description\" content=\"Tramitaci\u00f3n Jur\u00eddica Consultor\u00eda\u00a0Jur\u00eddica en derecho de la familia.\u00a0 Liquidaci\u00f3n de alimentos. Apertura de cuenta bancaria. Consulta de causas. Redacci\u00f3n de escritos. Consultas sobre retiro del 10% AFP.\" \/>\n<meta property=\"og:url\" content=\"https:\/\/integralfull.cl\/index.php\/servicios\/tramitacion-juridica\/\" \/>\n<meta property=\"og:site_name\" content=\"Integral full\" \/>\n<meta property=\"article:modified_time\" content=\"2021-02-08T03:36:46+00:00\" \/>\n<meta property=\"og:image\" content=\"https:\/\/integralfull.cl\/wp-content\/uploads\/2021\/02\/Captura-de-pantalla-2021-02-08-a-las-00.29.56.png\" \/>\n<meta name=\"twitter:card\" content=\"summary_large_image\" \/>\n<meta name=\"twitter:label1\" content=\"Est. reading time\">\n\t<meta name=\"twitter:data1\" content=\"0 minutos\">\n<script type=\"application\/ld+json\" class=\"yoast-schema-graph\">{\"@context\":\"https:\/\/schema.org\",\"@graph\":[{\"@type\":\"WebSite\",\"@id\":\"https:\/\/integralfull.cl\/#website\",\"url\":\"https:\/\/integralfull.cl\/\",\"name\":\"Integral full\",\"description\":\"\",\"potentialAction\":[{\"@type\":\"SearchAction\",\"target\":\"https:\/\/integralfull.cl\/?s={search_term_string}\",\"query-input\":\"required name=search_term_string\"}],\"inLanguage\":\"es-CL\"},{\"@type\":\"ImageObject\",\"@id\":\"https:\/\/integralfull.cl\/index.php\/servicios\/tramitacion-juridica\/#primaryimage\",\"inLanguage\":\"es-CL\",\"url\":\"https:\/\/integralfull.cl\/wp-content\/uploads\/2021\/02\/Captura-de-pantalla-2021-02-08-a-las-00.29.56.png\",\"width\":789,\"height\":525},{\"@type\":\"WebPage\",\"@id\":\"https:\/\/integralfull.cl\/index.php\/servicios\/tramitacion-juridica\/#webpage\",\"url\":\"https:\/\/integralfull.cl\/index.php\/servicios\/tramitacion-juridica\/\",\"name\":\"Tramitaci\\u00f3n Jur\\u00eddica - Integral full\",\"isPartOf\":{\"@id\":\"https:\/\/integralfull.cl\/#website\"},\"primaryImageOfPage\":{\"@id\":\"https:\/\/integralfull.cl\/index.php\/servicios\/tramitacion-juridica\/#primaryimage\"},\"datePublished\":\"2021-02-08T02:59:10+00:00\",\"dateModified\":\"2021-02-08T03:36:46+00:00\",\"inLanguage\":\"es-CL\",\"potentialAction\":[{\"@type\":\"ReadAction\",\"target\":[\"https:\/\/integralfull.cl\/index.php\/servicios\/tramitacion-juridica\/\"]}]}]}<\/script>\n<!-- \/ Yoast SEO plugin. -->","_links":{"self":[{"href":"https:\/\/integralfull.cl\/index.php\/wp-json\/wp\/v2\/pages\/509"}],"collection":[{"href":"https:\/\/integralfull.cl\/index.php\/wp-json\/wp\/v2\/pages"}],"about":[{"href":"https:\/\/integralfull.cl\/index.php\/wp-json\/wp\/v2\/types\/page"}],"author":[{"embeddable":true,"href":"https:\/\/integralfull.cl\/index.php\/wp-json\/wp\/v2\/users\/1"}],"replies":[{"embeddable":true,"href":"https:\/\/integralfull.cl\/index.php\/wp-json\/wp\/v2\/comments?post=509"}],"version-history":[{"count":11,"href":"https:\/\/integralfull.cl\/index.php\/wp-json\/wp\/v2\/pages\/509\/revisions"}],"predecessor-version":[{"id":535,"href":"https:\/\/integralfull.cl\/index.php\/wp-json\/wp\/v2\/pages\/509\/revisions\/535"}],"up":[{"embeddable":true,"href":"https:\/\/integralfull.cl\/index.php\/wp-json\/wp\/v2\/pages\/81"}],"wp:attachment":[{"href":"https:\/\/integralfull.cl\/index.php\/wp-json\/wp\/v2\/media?parent=509"}],"curies":[{"name":"wp","href":"https:\/\/api.w.org\/{rel}","templated":true}]}}