{"id":69,"date":"2020-08-14T18:08:37","date_gmt":"2020-08-14T22:08:37","guid":{"rendered":"https:\/\/integralfull.cl\/?page_id=69"},"modified":"2021-02-06T16:26:14","modified_gmt":"2021-02-06T20:26:14","slug":"sobre-nosotros","status":"publish","type":"page","link":"https:\/\/integralfull.cl\/index.php\/sobre-nosotros\/","title":{"rendered":"Sobre Nosotros"},"content":{"rendered":"\t\t<div data-elementor-type=\"wp-page\" data-elementor-id=\"69\" class=\"elementor elementor-69\" data-elementor-settings=\"[]\">\n\t\t\t<div class=\"elementor-inner\">\n\t\t\t\t<div class=\"elementor-section-wrap\">\n\t\t\t\t\t\t\t<section class=\"elementor-element elementor-element-14e081b4 elementor-section-content-middle elementor-section-boxed elementor-section-height-default elementor-section-height-default elementor-section elementor-top-section\" data-id=\"14e081b4\" data-element_type=\"section\">\n\t\t\t\t\t\t\t<div class=\"elementor-background-overlay\"><\/div>\n\t\t\t\t\t\t\t<div class=\"elementor-container elementor-column-gap-no\">\n\t\t\t\t<div class=\"elementor-row\">\n\t\t\t\t<div class=\"elementor-element elementor-element-56249fda elementor-column elementor-col-100 elementor-top-column\" data-id=\"56249fda\" data-element_type=\"column\">\n\t\t\t<div class=\"elementor-column-wrap  elementor-element-populated\">\n\t\t\t\t\t<div class=\"elementor-widget-wrap\">\n\t\t\t\t<div class=\"elementor-element elementor-element-86e68a0 elementor-widget elementor-widget-image\" data-id=\"86e68a0\" data-element_type=\"widget\" data-widget_type=\"image.default\">\n\t\t\t\t<div class=\"elementor-widget-container\">\n\t\t\t\t\t<div class=\"elementor-image\">\n\t\t\t\t\t\t\t\t\t\t<img width=\"76\" height=\"68\" src=\"https:\/\/integralfull.cl\/wp-content\/uploads\/2020\/08\/isotipo.jpg\" class=\"attachment-large size-large\" alt=\"\" loading=\"lazy\" \/>\t\t\t\t\t\t\t\t\t\t\t<\/div>\n\t\t\t\t<\/div>\n\t\t\t\t<\/div>\n\t\t\t\t<div class=\"elementor-element elementor-element-4aab0f4d elementor-view-default elementor-vertical-align-top elementor-widget elementor-widget-icon-box\" data-id=\"4aab0f4d\" data-element_type=\"widget\" data-widget_type=\"icon-box.default\">\n\t\t\t\t<div class=\"elementor-widget-container\">\n\t\t\t\t\t<div class=\"elementor-icon-box-wrapper\">\n\t\t\t\t\t\t<div class=\"elementor-icon-box-content\">\n\t\t\t\t<h4 class=\"elementor-icon-box-title\">\n\t\t\t\t\t<span ><\/span>\n\t\t\t\t<\/h4>\n\t\t\t\t\t\t\t\t<p class=\"elementor-icon-box-description\">Sobre Nosotros<\/p>\n\t\t\t\t\t\t\t<\/div>\n\t\t<\/div>\n\t\t\t\t<\/div>\n\t\t\t\t<\/div>\n\t\t\t\t<div class=\"elementor-element elementor-element-4d8a936 elementor-widget elementor-widget-text-editor\" data-id=\"4d8a936\" data-element_type=\"widget\" data-widget_type=\"text-editor.default\">\n\t\t\t\t<div class=\"elementor-widget-container\">\n\t\t\t\t\t<div class=\"elementor-text-editor elementor-clearfix\"><p><em>ASESORIAS INTEGRAL FULL LTDA, es constituida en el a\u00f1o 2011, por Don Jos\u00e9 Osses Gonz\u00e1lez, de profesi\u00f3n Contador General titulado con registro 2511 del colegio de Contadores Auditores de Chile, la cual, entrega asesor\u00edas en las \u00e1reas Contables, Tributarias, Administrativas y Laboral a peque\u00f1as, medianas y empresas de mayor tama\u00f1o.<\/em><\/p>\n<p><em>Nuestra empresa cuenta con un equipo calificado de asesores, quede cumplir con exigencias legales, tributarias, municipales entre otras, con la mayor disposici\u00f3n de atenci\u00f3n a los distintos requerimientos y as\u00ed, facilitar el operar de nuestros clientes.<\/em><\/p>\n<p><i>Contamos con una distribuci\u00f3n de nuestras \u00e1reas, las cuales nos permiten asesorar empresas de tipo comercial, inversiones, inmobiliarias, administraci\u00f3n de comunidades sociales, colegios u otras que necesiten llevar registros contables y trabajo de remuneraciones.<\/i><\/p>\n<p><i>La misi\u00f3n que tenemos como empresa, es entregar un servicio integro, de calidad y eficiente a&nbsp; todos nuestros clientes.<\/i><\/p><\/div>\n\t\t\t\t<\/div>\n\t\t\t\t<\/div>\n\t\t\t\t<div class=\"elementor-element elementor-element-5e16077f elementor-widget elementor-widget-text-editor\" data-id=\"5e16077f\" data-element_type=\"widget\" data-widget_type=\"text-editor.default\">\n\t\t\t\t<div class=\"elementor-widget-container\">\n\t\t\t\t\t<div class=\"elementor-text-editor elementor-clearfix\"><\/div>\n\t\t\t\t<\/div>\n\t\t\t\t<\/div>\n\t\t\t\t\t\t<\/div>\n\t\t\t<\/div>\n\t\t<\/div>\n\t\t\t\t\t\t<\/div>\n\t\t\t<\/div>\n\t\t<\/section>\n\t\t\t\t<section class=\"elementor-element elementor-element-6c413f elementor-section-content-middle elementor-section-boxed elementor-section-height-default elementor-section-height-default elementor-section elementor-top-section\" data-id=\"6c413f\" data-element_type=\"section\" data-settings=\"{&quot;background_background&quot;:&quot;classic&quot;}\">\n\t\t\t\t\t\t\t<div class=\"elementor-background-overlay\"><\/div>\n\t\t\t\t\t\t\t<div class=\"elementor-container elementor-column-gap-no\">\n\t\t\t\t<div class=\"elementor-row\">\n\t\t\t\t<div class=\"elementor-element elementor-element-1cf64e25 elementor-column elementor-col-100 elementor-top-column\" data-id=\"1cf64e25\" data-element_type=\"column\">\n\t\t\t<div class=\"elementor-column-wrap  elementor-element-populated\">\n\t\t\t\t\t<div class=\"elementor-widget-wrap\">\n\t\t\t\t<div class=\"elementor-element elementor-element-547ca482 elementor-absolute elementor-widget elementor-widget-image\" data-id=\"547ca482\" data-element_type=\"widget\" data-settings=\"{&quot;_position&quot;:&quot;absolute&quot;}\" data-widget_type=\"image.default\">\n\t\t\t\t<div class=\"elementor-widget-container\">\n\t\t\t\t\t<div class=\"elementor-image\">\n\t\t\t\t\t\t\t\t\t\t\t<a href=\"https:\/\/integralfull.cl\/\">\n\t\t\t\t\t\t\t<img width=\"250\" height=\"68\" src=\"https:\/\/integralfull.cl\/wp-content\/uploads\/2020\/08\/Logo-asesorias-integral-full-blanco-web-png.png\" class=\"attachment-large size-large\" alt=\"\" loading=\"lazy\" \/>\t\t\t\t\t\t\t\t<\/a>\n\t\t\t\t\t\t\t\t\t\t\t<\/div>\n\t\t\t\t<\/div>\n\t\t\t\t<\/div>\n\t\t\t\t\t\t<\/div>\n\t\t\t<\/div>\n\t\t<\/div>\n\t\t\t\t\t\t<\/div>\n\t\t\t<\/div>\n\t\t<\/section>\n\t\t\t\t\t\t<\/div>\n\t\t\t<\/div>\n\t\t<\/div>\n\t\t","protected":false},"excerpt":{"rendered":"<p>Sobre Nosotros ASESORIAS INTEGRAL FULL LTDA, es constituida en el a\u00f1o 2011, por Don Jos\u00e9 Osses Gonz\u00e1lez, de profesi\u00f3n Contador General titulado con registro 2511 del colegio de Contadores Auditores de Chile, la cual, entrega asesor\u00edas en las \u00e1reas Contables, Tributarias, Administrativas y Laboral a peque\u00f1as, medianas y empresas de mayor tama\u00f1o. Nuestra empresa cuenta &hellip;<\/p>\n<p class=\"read-more\"> <a class=\"\" href=\"https:\/\/integralfull.cl\/index.php\/sobre-nosotros\/\"> <span class=\"screen-reader-text\">Sobre Nosotros<\/span> Read More &raquo;<\/a><\/p>\n","protected":false},"author":1,"featured_media":0,"parent":0,"menu_order":2,"comment_status":"closed","ping_status":"closed","template":"","meta":[],"yoast_head":"<!-- This site is optimized with the Yoast SEO plugin v15.5 - https:\/\/yoast.com\/wordpress\/plugins\/seo\/ -->\n<title>Sobre Nosotros - Integral full<\/title>\n<meta name=\"robots\" content=\"index, follow, max-snippet:-1, max-image-preview:large, max-video-preview:-1\" \/>\n<link rel=\"canonical\" href=\"https:\/\/integralfull.cl\/index.php\/sobre-nosotros\/\" \/>\n<meta property=\"og:locale\" content=\"es_ES\" \/>\n<meta property=\"og:type\" content=\"article\" \/>\n<meta property=\"og:title\" content=\"Sobre Nosotros - Integral full\" \/>\n<meta property=\"og:description\" content=\"Sobre Nosotros ASESORIAS INTEGRAL FULL LTDA, es constituida en el a\u00f1o 2011, por Don Jos\u00e9 Osses Gonz\u00e1lez, de profesi\u00f3n Contador General titulado con registro 2511 del colegio de Contadores Auditores de Chile, la cual, entrega asesor\u00edas en las \u00e1reas Contables, Tributarias, Administrativas y Laboral a peque\u00f1as, medianas y empresas de mayor tama\u00f1o. Nuestra empresa cuenta &hellip; Sobre Nosotros Read More &raquo;\" \/>\n<meta property=\"og:url\" content=\"https:\/\/integralfull.cl\/index.php\/sobre-nosotros\/\" \/>\n<meta property=\"og:site_name\" content=\"Integral full\" \/>\n<meta property=\"article:modified_time\" content=\"2021-02-06T20:26:14+00:00\" \/>\n<meta property=\"og:image\" content=\"https:\/\/integralfull.cl\/wp-content\/uploads\/2020\/08\/isotipo.jpg\" \/>\n<meta name=\"twitter:card\" content=\"summary_large_image\" \/>\n<meta name=\"twitter:label1\" content=\"Est. reading time\">\n\t<meta name=\"twitter:data1\" content=\"1 minuto\">\n<script type=\"application\/ld+json\" class=\"yoast-schema-graph\">{\"@context\":\"https:\/\/schema.org\",\"@graph\":[{\"@type\":\"WebSite\",\"@id\":\"https:\/\/integralfull.cl\/#website\",\"url\":\"https:\/\/integralfull.cl\/\",\"name\":\"Integral full\",\"description\":\"\",\"potentialAction\":[{\"@type\":\"SearchAction\",\"target\":\"https:\/\/integralfull.cl\/?s={search_term_string}\",\"query-input\":\"required name=search_term_string\"}],\"inLanguage\":\"es-CL\"},{\"@type\":\"ImageObject\",\"@id\":\"https:\/\/integralfull.cl\/index.php\/sobre-nosotros\/#primaryimage\",\"inLanguage\":\"es-CL\",\"url\":\"https:\/\/integralfull.cl\/wp-content\/uploads\/2020\/08\/isotipo.jpg\",\"width\":76,\"height\":68},{\"@type\":\"WebPage\",\"@id\":\"https:\/\/integralfull.cl\/index.php\/sobre-nosotros\/#webpage\",\"url\":\"https:\/\/integralfull.cl\/index.php\/sobre-nosotros\/\",\"name\":\"Sobre Nosotros - Integral full\",\"isPartOf\":{\"@id\":\"https:\/\/integralfull.cl\/#website\"},\"primaryImageOfPage\":{\"@id\":\"https:\/\/integralfull.cl\/index.php\/sobre-nosotros\/#primaryimage\"},\"datePublished\":\"2020-08-14T22:08:37+00:00\",\"dateModified\":\"2021-02-06T20:26:14+00:00\",\"inLanguage\":\"es-CL\",\"potentialAction\":[{\"@type\":\"ReadAction\",\"target\":[\"https:\/\/integralfull.cl\/index.php\/sobre-nosotros\/\"]}]}]}<\/script>\n<!-- \/ Yoast SEO plugin. -->","_links":{"self":[{"href":"https:\/\/integralfull.cl\/index.php\/wp-json\/wp\/v2\/pages\/69"}],"collection":[{"href":"https:\/\/integralfull.cl\/index.php\/wp-json\/wp\/v2\/pages"}],"about":[{"href":"https:\/\/integralfull.cl\/index.php\/wp-json\/wp\/v2\/types\/page"}],"author":[{"embeddable":true,"href":"https:\/\/integralfull.cl\/index.php\/wp-json\/wp\/v2\/users\/1"}],"replies":[{"embeddable":true,"href":"https:\/\/integralfull.cl\/index.php\/wp-json\/wp\/v2\/comments?post=69"}],"version-history":[{"count":18,"href":"https:\/\/integralfull.cl\/index.php\/wp-json\/wp\/v2\/pages\/69\/revisions"}],"predecessor-version":[{"id":497,"href":"https:\/\/integralfull.cl\/index.php\/wp-json\/wp\/v2\/pages\/69\/revisions\/497"}],"wp:attachment":[{"href":"https:\/\/integralfull.cl\/index.php\/wp-json\/wp\/v2\/media?parent=69"}],"curies":[{"name":"wp","href":"https:\/\/api.w.org\/{rel}","templated":true}]}}