{"id":81,"date":"2020-08-14T18:18:55","date_gmt":"2020-08-14T22:18:55","guid":{"rendered":"https:\/\/integralfull.cl\/?page_id=81"},"modified":"2020-09-17T15:26:45","modified_gmt":"2020-09-17T19:26:45","slug":"servicios","status":"publish","type":"page","link":"https:\/\/integralfull.cl\/index.php\/servicios\/","title":{"rendered":"Servicios"},"content":{"rendered":"\t\t<div data-elementor-type=\"wp-page\" data-elementor-id=\"81\" class=\"elementor elementor-81\" data-elementor-settings=\"[]\">\n\t\t\t<div class=\"elementor-inner\">\n\t\t\t\t<div class=\"elementor-section-wrap\">\n\t\t\t\t\t\t\t<section class=\"elementor-element elementor-element-55b5019e elementor-section-content-middle elementor-section-boxed elementor-section-height-default elementor-section-height-default elementor-section elementor-top-section\" data-id=\"55b5019e\" data-element_type=\"section\">\n\t\t\t\t\t\t<div class=\"elementor-container elementor-column-gap-no\">\n\t\t\t\t<div class=\"elementor-row\">\n\t\t\t\t<div class=\"elementor-element elementor-element-500a78b6 elementor-column elementor-col-100 elementor-top-column\" data-id=\"500a78b6\" data-element_type=\"column\">\n\t\t\t<div class=\"elementor-column-wrap  elementor-element-populated\">\n\t\t\t\t\t<div class=\"elementor-widget-wrap\">\n\t\t\t\t<div class=\"elementor-element elementor-element-0e53f56 elementor-widget elementor-widget-image\" data-id=\"0e53f56\" data-element_type=\"widget\" data-widget_type=\"image.default\">\n\t\t\t\t<div class=\"elementor-widget-container\">\n\t\t\t\t\t<div class=\"elementor-image\">\n\t\t\t\t\t\t\t\t\t\t<img width=\"76\" height=\"68\" src=\"https:\/\/integralfull.cl\/wp-content\/uploads\/2020\/08\/isotipo.jpg\" class=\"attachment-large size-large\" alt=\"\" loading=\"lazy\" \/>\t\t\t\t\t\t\t\t\t\t\t<\/div>\n\t\t\t\t<\/div>\n\t\t\t\t<\/div>\n\t\t\t\t<div class=\"elementor-element elementor-element-afa1bf5 elementor-widget elementor-widget-heading\" data-id=\"afa1bf5\" data-element_type=\"widget\" data-widget_type=\"heading.default\">\n\t\t\t\t<div class=\"elementor-widget-container\">\n\t\t\t<h5 class=\"elementor-heading-title elementor-size-default\">Servicios<\/h5>\t\t<\/div>\n\t\t\t\t<\/div>\n\t\t\t\t<div class=\"elementor-element elementor-element-3900f86e elementor-widget elementor-widget-text-editor\" data-id=\"3900f86e\" data-element_type=\"widget\" data-widget_type=\"text-editor.default\">\n\t\t\t\t<div class=\"elementor-widget-container\">\n\t\t\t\t\t<div class=\"elementor-text-editor elementor-clearfix\"><p><em>En Integral Full, nos caracterizamos por entregar un servicio a medida y especializado para cada requerimeintos que tengan nuestros clientes.<\/em><\/p><p><em>Contamos con un sistema de gesti\u00f3n SOFTLAND ERP CLUOD, que permite a nuestros clientes incorporar su informaci\u00f3n contable, procesos de remuneraciones, gesti\u00f3n comercial (orden de compra, cotizaciones, notas de venta, punto de venta, inventario, facturaci\u00f3n electr\u00f3nica) de forma pr\u00e1ctica, en l\u00ednea, con soporte y capacitaci\u00f3n.<\/em><\/p><p><em>Asesoramos en la puesta en marcha de facturaci\u00f3n electr\u00f3nica MIPYME SII, Empresa en un d\u00eda, incorporando su emprendimiento a las herramientas gratuitas de impuestos internos<\/em><\/p><\/div>\n\t\t\t\t<\/div>\n\t\t\t\t<\/div>\n\t\t\t\t\t\t<\/div>\n\t\t\t<\/div>\n\t\t<\/div>\n\t\t\t\t\t\t<\/div>\n\t\t\t<\/div>\n\t\t<\/section>\n\t\t\t\t<section class=\"elementor-element elementor-element-147da7bc elementor-section-content-middle elementor-section-boxed elementor-section-height-default elementor-section-height-default elementor-section elementor-top-section\" data-id=\"147da7bc\" data-element_type=\"section\" data-settings=\"{&quot;background_background&quot;:&quot;classic&quot;}\">\n\t\t\t\t\t\t\t<div class=\"elementor-background-overlay\"><\/div>\n\t\t\t\t\t\t\t<div class=\"elementor-container elementor-column-gap-no\">\n\t\t\t\t<div class=\"elementor-row\">\n\t\t\t\t<div class=\"elementor-element elementor-element-3301e63b elementor-column elementor-col-100 elementor-top-column\" data-id=\"3301e63b\" data-element_type=\"column\">\n\t\t\t<div class=\"elementor-column-wrap  elementor-element-populated\">\n\t\t\t\t\t<div class=\"elementor-widget-wrap\">\n\t\t\t\t<div class=\"elementor-element elementor-element-760ef42a elementor-absolute elementor-widget elementor-widget-image\" data-id=\"760ef42a\" data-element_type=\"widget\" data-settings=\"{&quot;_position&quot;:&quot;absolute&quot;}\" data-widget_type=\"image.default\">\n\t\t\t\t<div class=\"elementor-widget-container\">\n\t\t\t\t\t<div class=\"elementor-image\">\n\t\t\t\t\t\t\t\t\t\t\t<a href=\"https:\/\/integralfull.cl\/\">\n\t\t\t\t\t\t\t<img width=\"250\" height=\"68\" src=\"https:\/\/integralfull.cl\/wp-content\/uploads\/2020\/08\/Logo-asesorias-integral-full-blanco-web-png.png\" class=\"attachment-large size-large\" alt=\"\" loading=\"lazy\" \/>\t\t\t\t\t\t\t\t<\/a>\n\t\t\t\t\t\t\t\t\t\t\t<\/div>\n\t\t\t\t<\/div>\n\t\t\t\t<\/div>\n\t\t\t\t\t\t<\/div>\n\t\t\t<\/div>\n\t\t<\/div>\n\t\t\t\t\t\t<\/div>\n\t\t\t<\/div>\n\t\t<\/section>\n\t\t\t\t\t\t<\/div>\n\t\t\t<\/div>\n\t\t<\/div>\n\t\t","protected":false},"excerpt":{"rendered":"<p>Servicios En Integral Full, nos caracterizamos por entregar un servicio a medida y especializado para cada requerimeintos que tengan nuestros clientes. Contamos con un sistema de gesti\u00f3n SOFTLAND ERP CLUOD, que permite a nuestros clientes incorporar su informaci\u00f3n contable, procesos de remuneraciones, gesti\u00f3n comercial (orden de compra, cotizaciones, notas de venta, punto de venta, inventario, &hellip;<\/p>\n<p class=\"read-more\"> <a class=\"\" href=\"https:\/\/integralfull.cl\/index.php\/servicios\/\"> <span class=\"screen-reader-text\">Servicios<\/span> Read More &raquo;<\/a><\/p>\n","protected":false},"author":1,"featured_media":0,"parent":0,"menu_order":3,"comment_status":"closed","ping_status":"closed","template":"","meta":[],"yoast_head":"<!-- This site is optimized with the Yoast SEO plugin v15.5 - https:\/\/yoast.com\/wordpress\/plugins\/seo\/ -->\n<title>Servicios - Integral full<\/title>\n<meta name=\"robots\" content=\"index, follow, max-snippet:-1, max-image-preview:large, max-video-preview:-1\" \/>\n<link rel=\"canonical\" href=\"https:\/\/integralfull.cl\/index.php\/servicios\/\" \/>\n<meta property=\"og:locale\" content=\"es_ES\" \/>\n<meta property=\"og:type\" content=\"article\" \/>\n<meta property=\"og:title\" content=\"Servicios - Integral full\" \/>\n<meta property=\"og:description\" content=\"Servicios En Integral Full, nos caracterizamos por entregar un servicio a medida y especializado para cada requerimeintos que tengan nuestros clientes. Contamos con un sistema de gesti\u00f3n SOFTLAND ERP CLUOD, que permite a nuestros clientes incorporar su informaci\u00f3n contable, procesos de remuneraciones, gesti\u00f3n comercial (orden de compra, cotizaciones, notas de venta, punto de venta, inventario, &hellip; Servicios Read More &raquo;\" \/>\n<meta property=\"og:url\" content=\"https:\/\/integralfull.cl\/index.php\/servicios\/\" \/>\n<meta property=\"og:site_name\" content=\"Integral full\" \/>\n<meta property=\"article:modified_time\" content=\"2020-09-17T19:26:45+00:00\" \/>\n<meta property=\"og:image\" content=\"https:\/\/integralfull.cl\/wp-content\/uploads\/2020\/08\/isotipo.jpg\" \/>\n<meta name=\"twitter:card\" content=\"summary_large_image\" \/>\n<meta name=\"twitter:label1\" content=\"Est. reading time\">\n\t<meta name=\"twitter:data1\" content=\"0 minutos\">\n<script type=\"application\/ld+json\" class=\"yoast-schema-graph\">{\"@context\":\"https:\/\/schema.org\",\"@graph\":[{\"@type\":\"WebSite\",\"@id\":\"https:\/\/integralfull.cl\/#website\",\"url\":\"https:\/\/integralfull.cl\/\",\"name\":\"Integral full\",\"description\":\"\",\"potentialAction\":[{\"@type\":\"SearchAction\",\"target\":\"https:\/\/integralfull.cl\/?s={search_term_string}\",\"query-input\":\"required name=search_term_string\"}],\"inLanguage\":\"es-CL\"},{\"@type\":\"ImageObject\",\"@id\":\"https:\/\/integralfull.cl\/index.php\/servicios\/#primaryimage\",\"inLanguage\":\"es-CL\",\"url\":\"https:\/\/integralfull.cl\/wp-content\/uploads\/2020\/08\/isotipo.jpg\"},{\"@type\":\"WebPage\",\"@id\":\"https:\/\/integralfull.cl\/index.php\/servicios\/#webpage\",\"url\":\"https:\/\/integralfull.cl\/index.php\/servicios\/\",\"name\":\"Servicios - Integral full\",\"isPartOf\":{\"@id\":\"https:\/\/integralfull.cl\/#website\"},\"primaryImageOfPage\":{\"@id\":\"https:\/\/integralfull.cl\/index.php\/servicios\/#primaryimage\"},\"datePublished\":\"2020-08-14T22:18:55+00:00\",\"dateModified\":\"2020-09-17T19:26:45+00:00\",\"inLanguage\":\"es-CL\",\"potentialAction\":[{\"@type\":\"ReadAction\",\"target\":[\"https:\/\/integralfull.cl\/index.php\/servicios\/\"]}]}]}<\/script>\n<!-- \/ Yoast SEO plugin. -->","_links":{"self":[{"href":"https:\/\/integralfull.cl\/index.php\/wp-json\/wp\/v2\/pages\/81"}],"collection":[{"href":"https:\/\/integralfull.cl\/index.php\/wp-json\/wp\/v2\/pages"}],"about":[{"href":"https:\/\/integralfull.cl\/index.php\/wp-json\/wp\/v2\/types\/page"}],"author":[{"embeddable":true,"href":"https:\/\/integralfull.cl\/index.php\/wp-json\/wp\/v2\/users\/1"}],"replies":[{"embeddable":true,"href":"https:\/\/integralfull.cl\/index.php\/wp-json\/wp\/v2\/comments?post=81"}],"version-history":[{"count":26,"href":"https:\/\/integralfull.cl\/index.php\/wp-json\/wp\/v2\/pages\/81\/revisions"}],"predecessor-version":[{"id":465,"href":"https:\/\/integralfull.cl\/index.php\/wp-json\/wp\/v2\/pages\/81\/revisions\/465"}],"wp:attachment":[{"href":"https:\/\/integralfull.cl\/index.php\/wp-json\/wp\/v2\/media?parent=81"}],"curies":[{"name":"wp","href":"https:\/\/api.w.org\/{rel}","templated":true}]}}